{"id":120,"date":"2024-06-10T09:19:23","date_gmt":"2024-06-10T09:19:23","guid":{"rendered":"https:\/\/envasesvicente.com\/NUEVAWEB\/?page_id=120"},"modified":"2025-01-15T10:26:33","modified_gmt":"2025-01-15T10:26:33","slug":"empresa","status":"publish","type":"page","link":"https:\/\/www.envasesvicente.com\/index.php\/empresa\/","title":{"rendered":"Empresa"},"content":{"rendered":"<p>[et_pb_section fb_built=\u00bb1&#8243; next_background_color=\u00bb#ffffff\u00bb admin_label=\u00bbHero\u00bb _builder_version=\u00bb4.25.1&#8243; _module_preset=\u00bb74c69059-8e69-4122-b1e6-dfeabf6c5711&#8243; use_background_color_gradient=\u00bbon\u00bb background_color_gradient_stops=\u00bbrgba(0,0,0,0.6) 0%|rgba(0,0,0,0.9) 100%\u00bb background_color_gradient_overlays_image=\u00bbon\u00bb background_color_gradient_start=\u00bbrgba(0,0,0,0.5)\u00bb background_color_gradient_end=\u00bbrgba(0,0,0,0.75)\u00bb background_image=\u00bbhttps:\/\/www.envasesvicente.com\/wp-content\/uploads\/2024\/06\/0-375f0052-effe-4a7a-9377-0557870811d6-1920&#215;1080.jpg\u00bb custom_padding=\u00bb8vw||12vw||false|false\u00bb bottom_divider_style=\u00bbslant\u00bb bottom_divider_height=\u00bb10vw\u00bb bottom_divider_flip=\u00bbhorizontal\u00bb locked=\u00bboff\u00bb collapsed=\u00bbon\u00bb global_colors_info=\u00bb{}\u00bb][et_pb_row column_structure=\u00bb2_3,1_3&#8243; _builder_version=\u00bb4.18.0&#8243; _module_preset=\u00bb5138c454-be54-4233-bd3b-f8e6a8747976&#8243; locked=\u00bboff\u00bb global_colors_info=\u00bb{}\u00bb][et_pb_column type=\u00bb2_3&#8243; _builder_version=\u00bb4.16&#8243; _module_preset=\u00bb73121f80-a3ef-4484-8763-c3f18e3c56d2&#8243; global_colors_info=\u00bb{}\u00bb][et_pb_heading title=\u00bbSoluciones de Envasado Innovadoras\u00bb _builder_version=\u00bb4.25.1&#8243; _module_preset=\u00bbf0c675ea-2574-4d0e-b725-30f8550a8550&#8243; title_level=\u00bbh4&#8243; title_font=\u00bb&#8211;et_global_heading_font|Cormorant Garamond_weight||on|||||\u00bb title_text_color=\u00bb#FFFFFF\u00bb title_font_size=\u00bb14px\u00bb title_letter_spacing=\u00bb1px\u00bb title_line_height=\u00bb1.4em\u00bb custom_margin=\u00bb||10px||false|false\u00bb title_font_size_tablet=\u00bb13px\u00bb title_font_size_phone=\u00bb13px\u00bb title_font_size_last_edited=\u00bbon|desktop\u00bb locked=\u00bboff\u00bb global_colors_info=\u00bb{}\u00bb][\/et_pb_heading][et_pb_heading title=\u00bbEnvases de Cart\u00f3n, Madera y Palets\u00bb _builder_version=\u00bb4.25.1&#8243; _module_preset=\u00bbddeb8c09-9078-4424-bc15-2efb6572e28e\u00bb title_font=\u00bb&#8211;et_global_heading_font|900|||||||\u00bb title_text_color=\u00bb#FFFFFF\u00bb title_font_size=\u00bb72px\u00bb title_line_height=\u00bb1.15em\u00bb title_font_size_tablet=\u00bb40px\u00bb title_font_size_phone=\u00bb24px\u00bb title_font_size_last_edited=\u00bbon|phone\u00bb locked=\u00bboff\u00bb global_colors_info=\u00bb{}\u00bb][\/et_pb_heading][et_pb_text quote_border_color=\u00bb#FFFFFF\u00bb _builder_version=\u00bb4.25.1&#8243; _module_preset=\u00bb0504de1e-f5ff-4281-ba60-cbbe4edf98bc\u00bb text_font=\u00bbProza Libre|Proza Libre_weight|||||||\u00bb text_text_color=\u00bb#FFFFFF\u00bb text_line_height=\u00bb1.75em\u00bb link_font=\u00bb||||on||||\u00bb link_text_color=\u00bb#FFFFFF\u00bb quote_font=\u00bbCormorant Garamond|Cormorant Garamond_weight|||||||\u00bb quote_text_color=\u00bb#FFFFFF\u00bb header_font=\u00bb&#8211;et_global_heading_font|Cormorant Garamond_weight|||||||\u00bb header_text_color=\u00bb#FFFFFF\u00bb header_font_size=\u00bb72px\u00bb header_line_height=\u00bb1.15em\u00bb header_2_font=\u00bbCormorant Garamond|Cormorant Garamond_weight|||||||\u00bb header_2_text_color=\u00bb#FFFFFF\u00bb header_2_font_size=\u00bb50px\u00bb header_2_line_height=\u00bb1.2em\u00bb header_3_font=\u00bbCormorant Garamond|Cormorant Garamond_weight|||||||\u00bb header_3_text_color=\u00bb#FFFFFF\u00bb header_3_font_size=\u00bb32px\u00bb header_3_line_height=\u00bb1.3em\u00bb header_4_font=\u00bbCormorant Garamond|Cormorant Garamond_weight|||||||\u00bb header_4_text_color=\u00bb#FFFFFF\u00bb header_4_font_size=\u00bb24px\u00bb header_4_line_height=\u00bb1.4em\u00bb header_5_font=\u00bbCormorant Garamond|Cormorant Garamond_weight|||||||\u00bb header_5_text_color=\u00bb#FFFFFF\u00bb header_5_font_size=\u00bb18px\u00bb header_5_line_height=\u00bb1.4em\u00bb header_6_font=\u00bbCormorant Garamond|Cormorant Garamond_weight|||||||\u00bb header_6_text_color=\u00bb#FFFFFF\u00bb header_6_line_height=\u00bb1.5em\u00bb custom_margin=\u00bb||||false|false\u00bb text_font_size_tablet=\u00bb15px\u00bb text_font_size_phone=\u00bb14px\u00bb text_font_size_last_edited=\u00bbon|phone\u00bb header_font_size_tablet=\u00bb40px\u00bb header_font_size_phone=\u00bb24px\u00bb header_font_size_last_edited=\u00bbon|desktop\u00bb header_2_font_size_tablet=\u00bb28px\u00bb header_2_font_size_phone=\u00bb20px\u00bb header_2_font_size_last_edited=\u00bbon|phone\u00bb header_3_font_size_tablet=\u00bb22px\u00bb header_3_font_size_phone=\u00bb17px\u00bb header_3_font_size_last_edited=\u00bbon|phone\u00bb header_4_font_size_tablet=\u00bb18px\u00bb header_4_font_size_phone=\u00bb15px\u00bb header_4_font_size_last_edited=\u00bbon|tablet\u00bb header_5_font_size_tablet=\u00bb15px\u00bb header_5_font_size_phone=\u00bb14px\u00bb header_5_font_size_last_edited=\u00bbon|desktop\u00bb header_6_font_size_tablet=\u00bb13px\u00bb header_6_font_size_phone=\u00bb13px\u00bb header_6_font_size_last_edited=\u00bbon|desktop\u00bb locked=\u00bboff\u00bb global_colors_info=\u00bb{}\u00bb]<\/p>\n<p>Descubre c\u00f3mo nuestros envases de alta calidad pueden optimizar tu log\u00edstica y proteger tus productos.<\/p>\n<p>[\/et_pb_text][et_pb_button button_url=\u00bb@ET-DC@eyJkeW5hbWljIjp0cnVlLCJjb250ZW50IjoicG9zdF9saW5rX3VybF9wYWdlIiwic2V0dGluZ3MiOnsicG9zdF9pZCI6IjEyMiJ9fQ==@\u00bb button_text=\u00bbVer m\u00e1s\u00bb _builder_version=\u00bb4.25.1&#8243; _dynamic_attributes=\u00bbbutton_url\u00bb _module_preset=\u00bbab15fb74-61a3-43aa-96b3-41e09aeef654&#8243; custom_button=\u00bbon\u00bb button_text_size=\u00bb14px\u00bb button_text_color=\u00bb#FFFFFF\u00bb button_bg_color=\u00bb#97C21A\u00bb button_border_width=\u00bb0px\u00bb button_border_radius=\u00bb100px\u00bb button_font=\u00bbProza Libre|700|||||||\u00bb custom_padding=\u00bb12px|24px|12px|24px|true|true\u00bb locked=\u00bboff\u00bb global_colors_info=\u00bb{}\u00bb][\/et_pb_button][\/et_pb_column][et_pb_column type=\u00bb1_3&#8243; _builder_version=\u00bb4.16&#8243; _module_preset=\u00bb73121f80-a3ef-4484-8763-c3f18e3c56d2&#8243; global_colors_info=\u00bb{}\u00bb][\/et_pb_column][\/et_pb_row][\/et_pb_section][et_pb_section fb_built=\u00bb1&#8243; admin_label=\u00bbServices\u00bb _builder_version=\u00bb4.18.0&#8243; _module_preset=\u00bbdefault\u00bb locked=\u00bboff\u00bb collapsed=\u00bbon\u00bb global_colors_info=\u00bb{}\u00bb][et_pb_row column_structure=\u00bb3_5,2_5&#8243; _builder_version=\u00bb4.25.1&#8243; _module_preset=\u00bb5138c454-be54-4233-bd3b-f8e6a8747976&#8243; hover_transition_speed_curve=\u00bblinear\u00bb scroll_scaling=\u00bb0|50|50|100|100%|100|100&#8243; global_module=\u00bb356&#8243; saved_tabs=\u00bball\u00bb global_colors_info=\u00bb{}\u00bb][et_pb_column type=\u00bb3_5&#8243; _builder_version=\u00bb4.16&#8243; _module_preset=\u00bb73121f80-a3ef-4484-8763-c3f18e3c56d2&#8243; global_colors_info=\u00bb{}\u00bb][et_pb_heading title=\u00bbNuestra historia\u00bb _builder_version=\u00bb4.25.1&#8243; _module_preset=\u00bbc33f07d9-41e0-421a-8799-5799df695cce\u00bb title_level=\u00bbh2&#8243; title_font=\u00bb&#8211;et_global_heading_font|Cormorant Garamond_weight|||||||\u00bb title_text_color=\u00bb#0e0c19&#8243; title_font_size=\u00bb50px\u00bb title_line_height=\u00bb1.2em\u00bb custom_margin=\u00bb||10px||false|false\u00bb title_font_size_tablet=\u00bb28px\u00bb title_font_size_phone=\u00bb20px\u00bb title_font_size_last_edited=\u00bbon|phone\u00bb locked=\u00bboff\u00bb global_colors_info=\u00bb{}\u00bb][\/et_pb_heading][et_pb_gallery gallery_ids=\u00bb517&#8243; gallery_orderby=\u00bbrand\u00bb fullwidth=\u00bbon\u00bb _builder_version=\u00bb4.25.1&#8243; _module_preset=\u00bbdefault\u00bb width=\u00bb100%\u00bb global_colors_info=\u00bb{}\u00bb][\/et_pb_gallery][\/et_pb_column][et_pb_column type=\u00bb2_5&#8243; _builder_version=\u00bb4.16&#8243; _module_preset=\u00bb73121f80-a3ef-4484-8763-c3f18e3c56d2&#8243; global_colors_info=\u00bb{}\u00bb][et_pb_blurb title=\u00bb35 a\u00f1os a tu servicio\u00bb use_icon=\u00bbon\u00bb font_icon=\u00bb&#xf552;||fa||900&#8243; icon_color=\u00bb#ffffff\u00bb icon_placement=\u00bbleft\u00bb image_icon_width=\u00bb24px\u00bb content_max_width=\u00bb100%\u00bb _builder_version=\u00bb4.25.1&#8243; _module_preset=\u00bb1ea53d41-9439-472c-8d8b-7bddb3bf9444&#8243; header_font=\u00bb&#8211;et_global_heading_font|Cormorant Garamond_weight|||||||\u00bb header_text_color=\u00bb#97C21A\u00bb header_font_size=\u00bb40px\u00bb header_line_height=\u00bb2.1em\u00bb body_font=\u00bb&#8211;et_global_body_font|Proza Libre_weight|||||||\u00bb body_text_color=\u00bb#3c3a47&#8243; body_line_height=\u00bb2em\u00bb body_link_text_color=\u00bb#ffffff\u00bb animation=\u00bboff\u00bb hover_enabled=\u00bb0&#8243; header_font_size_tablet=\u00bb13px\u00bb header_font_size_phone=\u00bb13px\u00bb header_font_size_last_edited=\u00bboff|desktop\u00bb body_font_size_tablet=\u00bb15px\u00bb body_font_size_phone=\u00bb14px\u00bb body_font_size_last_edited=\u00bboff|desktop\u00bb header_text_shadow_style=\u00bbpreset3&#8243; header_text_shadow_horizontal_length=\u00bb-0.01em\u00bb header_text_shadow_vertical_length=\u00bb0.13em\u00bb header_text_shadow_blur_strength=\u00bb0.37em\u00bb border_radii_image=\u00bbon|6px|6px|6px|6px\u00bb locked=\u00bboff\u00bb global_colors_info=\u00bb{}\u00bb sticky_enabled=\u00bb0&#8243;]<\/p>\n<p><strong>Envases Vicente P\u00e9rez, S.L,<\/strong> fundada en <strong>1990<\/strong> y ubicada en Las Norias de Daza, El Ejido (Almer\u00eda), ha evolucionado junto al sector agr\u00edcola almeriense, <strong>innovando<\/strong> y <strong>adapt\u00e1ndose a las necesidades<\/strong> del mercado. Gracias a este enfoque se ha consolidado como una <strong>referencia en el sector del envasado<\/strong>.<\/p>\n<p>Actualmente nos especializamos en la producci\u00f3n de envases de <strong>cart\u00f3n, madera y palets.<\/strong><\/p>\n<p><strong>\u00a0<\/strong>Le invitamos a visitar nuestras instalaciones en Las Norias de Daza, el coraz\u00f3n de la agricultura almeriense, para conocer de cerca nuestras soluciones de envasado.<\/p>\n<p>&nbsp;<\/p>\n<p>[\/et_pb_blurb][\/et_pb_column][\/et_pb_row][et_pb_row column_structure=\u00bb1_3,2_3&#8243; _builder_version=\u00bb4.25.1&#8243; _module_preset=\u00bbdefault\u00bb global_colors_info=\u00bb{}\u00bb][et_pb_column type=\u00bb1_3&#8243; _builder_version=\u00bb4.25.1&#8243; _module_preset=\u00bbdefault\u00bb global_colors_info=\u00bb{}\u00bb][et_pb_text _builder_version=\u00bb4.25.1&#8243; _module_preset=\u00bbdefault\u00bb global_colors_info=\u00bb{}\u00bb]<\/p>\n<p>&nbsp;<\/p>\n<p>&nbsp;<\/p>\n<p>&nbsp;<\/p>\n<p>Contamos con unas instalaciones de m\u00e1s de 20.000 metros cuadrados y con moderna maquinaria para el montaje y distribuci\u00f3n de envases de cart\u00f3n, madera y palets. Adem\u00e1s, disponemos de una flota propia de camiones que nos permite ofrecer un servicio en tiempo r\u00e9cord.<\/p>\n<p>[\/et_pb_text][\/et_pb_column][et_pb_column type=\u00bb2_3&#8243; _builder_version=\u00bb4.25.1&#8243; _module_preset=\u00bbdefault\u00bb global_colors_info=\u00bb{}\u00bb][et_pb_heading title=\u00bbInstalaciones de alta calidad\u00bb _builder_version=\u00bb4.25.1&#8243; _module_preset=\u00bbdefault\u00bb title_level=\u00bbh2&#8243; title_font=\u00bb&#8211;et_global_heading_font||||||||\u00bb title_text_align=\u00bbcenter\u00bb title_font_size=\u00bb50px\u00bb global_colors_info=\u00bb{}\u00bb][\/et_pb_heading][et_pb_gallery gallery_ids=\u00bb662&#8243; fullwidth=\u00bbon\u00bb _builder_version=\u00bb4.25.1&#8243; _module_preset=\u00bbdefault\u00bb global_colors_info=\u00bb{}\u00bb][\/et_pb_gallery][\/et_pb_column][\/et_pb_row][\/et_pb_section][et_pb_section fb_built=\u00bb1&#8243; admin_label=\u00bbTestimonials\u00bb _builder_version=\u00bb4.17.6&#8243; _module_preset=\u00bbdefault\u00bb locked=\u00bboff\u00bb collapsed=\u00bbon\u00bb global_colors_info=\u00bb{}\u00bb][et_pb_row column_structure=\u00bb3_5,2_5&#8243; _builder_version=\u00bb4.18.0&#8243; _module_preset=\u00bb5138c454-be54-4233-bd3b-f8e6a8747976&#8243; global_colors_info=\u00bb{}\u00bb][et_pb_column type=\u00bb3_5&#8243; _builder_version=\u00bb4.16&#8243; _module_preset=\u00bb73121f80-a3ef-4484-8763-c3f18e3c56d2&#8243; global_colors_info=\u00bb{}\u00bb][et_pb_heading title=\u00bbCuidando nuestra planeta\u00bb _builder_version=\u00bb4.25.1&#8243; _module_preset=\u00bbc33f07d9-41e0-421a-8799-5799df695cce\u00bb title_level=\u00bbh2&#8243; title_font=\u00bb&#8211;et_global_heading_font|Cormorant Garamond_weight|||||||\u00bb title_text_color=\u00bb#0e0c19&#8243; title_font_size=\u00bb50px\u00bb title_line_height=\u00bb1.2em\u00bb custom_margin=\u00bb||10px||false|false\u00bb title_font_size_tablet=\u00bb28px\u00bb title_font_size_phone=\u00bb20px\u00bb title_font_size_last_edited=\u00bbon|phone\u00bb locked=\u00bboff\u00bb global_colors_info=\u00bb{}\u00bb][\/et_pb_heading][et_pb_gallery gallery_ids=\u00bb510&#8243; fullwidth=\u00bbon\u00bb _builder_version=\u00bb4.25.1&#8243; _module_preset=\u00bbdefault\u00bb global_colors_info=\u00bb{}\u00bb][\/et_pb_gallery][\/et_pb_column][et_pb_column type=\u00bb2_5&#8243; _builder_version=\u00bb4.16&#8243; _module_preset=\u00bb73121f80-a3ef-4484-8763-c3f18e3c56d2&#8243; global_colors_info=\u00bb{}\u00bb][et_pb_blurb title=\u00bbConciencia ambiental\u00bb use_icon=\u00bbon\u00bb font_icon=\u00bb&#xf552;||fa||900&#8243; icon_color=\u00bb#ffffff\u00bb icon_placement=\u00bbleft\u00bb image_icon_width=\u00bb24px\u00bb content_max_width=\u00bb100%\u00bb _builder_version=\u00bb4.25.1&#8243; _module_preset=\u00bb1ea53d41-9439-472c-8d8b-7bddb3bf9444&#8243; header_font=\u00bb&#8211;et_global_body_font|Cormorant Garamond_weight|||||||\u00bb header_text_color=\u00bb#97C21A\u00bb header_font_size=\u00bb39px\u00bb header_line_height=\u00bb2.1em\u00bb body_font=\u00bb&#8211;et_global_body_font|Proza Libre_weight|||||||\u00bb body_text_color=\u00bb#3c3a47&#8243; body_line_height=\u00bb2em\u00bb body_link_text_color=\u00bb#ffffff\u00bb animation=\u00bboff\u00bb header_font_size_tablet=\u00bb13px\u00bb header_font_size_phone=\u00bb13px\u00bb header_font_size_last_edited=\u00bboff|desktop\u00bb body_font_size_tablet=\u00bb15px\u00bb body_font_size_phone=\u00bb14px\u00bb body_font_size_last_edited=\u00bboff|desktop\u00bb header_text_shadow_style=\u00bbpreset3&#8243; header_text_shadow_horizontal_length=\u00bb-0.01em\u00bb header_text_shadow_vertical_length=\u00bb0.13em\u00bb header_text_shadow_blur_strength=\u00bb0.37em\u00bb border_radii_image=\u00bbon|6px|6px|6px|6px\u00bb locked=\u00bboff\u00bb global_colors_info=\u00bb{}\u00bb]<\/p>\n<p>En Envases Vicente P\u00e9rez nos enorgullecemos de haber sido pioneros en la adopci\u00f3n de energ\u00edas renovables, al ser la primera empresa en Andaluc\u00eda en instalar una planta fotovoltaica sobre techo industrial, proyecto desarrollado por Endesa. Esta iniciativa reafirma nuestro compromiso con la sostenibilidad y la innovaci\u00f3n, al integrar energ\u00edas limpias en nuestros procesos productivos, contribuyendo a la reducci\u00f3n de nuestra huella de carbono y a la protecci\u00f3n del medio ambiente.<\/p>\n<p>[\/et_pb_blurb][et_pb_video _builder_version=\u00bb4.16&#8243; _module_preset=\u00bbdefault\u00bb box_shadow_style=\u00bbpreset3&#8243; box_shadow_vertical=\u00bb40px\u00bb box_shadow_blur=\u00bb64px\u00bb box_shadow_spread=\u00bb-16px\u00bb box_shadow_color=\u00bbrgba(99,127,255,0.24)\u00bb global_colors_info=\u00bb{}\u00bb][\/et_pb_video][\/et_pb_column][\/et_pb_row][et_pb_row column_structure=\u00bb2_5,3_5&#8243; _builder_version=\u00bb4.25.1&#8243; _module_preset=\u00bb5138c454-be54-4233-bd3b-f8e6a8747976&#8243; global_module=\u00bb359&#8243; saved_tabs=\u00bball\u00bb global_colors_info=\u00bb{}\u00bb][et_pb_column type=\u00bb2_5&#8243; _builder_version=\u00bb4.16&#8243; _module_preset=\u00bb73121f80-a3ef-4484-8763-c3f18e3c56d2&#8243; global_colors_info=\u00bb{}\u00bb][et_pb_blurb title=\u00bbCertificados de calidad\u00bb image_icon_width=\u00bb24px\u00bb icon_alignment=\u00bbright\u00bb content_max_width=\u00bb100%\u00bb _builder_version=\u00bb4.25.1&#8243; _module_preset=\u00bb1ea53d41-9439-472c-8d8b-7bddb3bf9444&#8243; header_font=\u00bb&#8211;et_global_heading_font|Cormorant Garamond_weight|||||||\u00bb header_text_align=\u00bbcenter\u00bb header_text_color=\u00bb#97C21A\u00bb header_font_size=\u00bb38px\u00bb header_line_height=\u00bb2.1em\u00bb body_font=\u00bb&#8211;et_global_body_font|Proza Libre_weight|||||||\u00bb body_text_color=\u00bb#3c3a47&#8243; body_line_height=\u00bb2em\u00bb body_link_text_color=\u00bb#ffffff\u00bb animation=\u00bboff\u00bb header_font_size_tablet=\u00bb13px\u00bb header_font_size_phone=\u00bb13px\u00bb header_font_size_last_edited=\u00bboff|desktop\u00bb body_font_size_tablet=\u00bb15px\u00bb body_font_size_phone=\u00bb14px\u00bb body_font_size_last_edited=\u00bboff|desktop\u00bb header_text_shadow_style=\u00bbpreset3&#8243; header_text_shadow_horizontal_length=\u00bb-0.01em\u00bb header_text_shadow_vertical_length=\u00bb0.13em\u00bb header_text_shadow_blur_strength=\u00bb0.37em\u00bb border_radii_image=\u00bbon|6px|6px|6px|6px\u00bb locked=\u00bboff\u00bb global_colors_info=\u00bb{}\u00bb]<\/p>\n<p>Contamos con la certificaci\u00f3n de SGS, que garantiza que en Envases Vicente P\u00e9rez ofrecemos productos y servicios que cumplen con los requisitos del cliente y las normativas aplicables. Esta certificaci\u00f3n asegura que nuestros procesos y productos cumplen con altos est\u00e1ndares de rendimiento, calidad, seguridad y sostenibilidad.<\/p>\n<p>Contamos adem\u00e1s con el certificado de registro oficial de operadores de embalajes de madera y autorizaci\u00f3n de marcado, que asegura el cumplimiento de la norma t\u00e9cnica fitosanitaria. Este certificado regula tanto el r\u00e9gimen de autorizaci\u00f3n como el registro de los operadores, garantizando que nuestros embalajes de madera cumplen con los est\u00e1ndares fitosanitarios exigidos.<\/p>\n<p>[\/et_pb_blurb][\/et_pb_column][et_pb_column type=\u00bb3_5&#8243; _builder_version=\u00bb4.25.1&#8243; _module_preset=\u00bbdefault\u00bb global_colors_info=\u00bb{}\u00bb][et_pb_heading title=\u00bbGarant\u00eda de calidad y servicio\u00bb _builder_version=\u00bb4.25.1&#8243; _module_preset=\u00bbc33f07d9-41e0-421a-8799-5799df695cce\u00bb title_level=\u00bbh2&#8243; title_font=\u00bb&#8211;et_global_heading_font|Cormorant Garamond_weight|||||||\u00bb title_text_align=\u00bbcenter\u00bb title_text_color=\u00bb#0e0c19&#8243; title_font_size=\u00bb45px\u00bb title_line_height=\u00bb1.2em\u00bb custom_margin=\u00bb||10px||false|false\u00bb title_font_size_tablet=\u00bb28px\u00bb title_font_size_phone=\u00bb20px\u00bb title_font_size_last_edited=\u00bbon|phone\u00bb locked=\u00bboff\u00bb global_colors_info=\u00bb{}\u00bb][\/et_pb_heading][et_pb_gallery gallery_ids=\u00bb1310&#8243; gallery_orderby=\u00bbrand\u00bb fullwidth=\u00bbon\u00bb _builder_version=\u00bb4.25.1&#8243; _module_preset=\u00bbdefault\u00bb background_enable_image=\u00bboff\u00bb parallax=\u00bbon\u00bb module_alignment=\u00bbcenter\u00bb global_colors_info=\u00bb{}\u00bb][\/et_pb_gallery][et_pb_video _builder_version=\u00bb4.16&#8243; _module_preset=\u00bbdefault\u00bb box_shadow_style=\u00bbpreset3&#8243; box_shadow_vertical=\u00bb40px\u00bb box_shadow_blur=\u00bb64px\u00bb box_shadow_spread=\u00bb-16px\u00bb box_shadow_color=\u00bbrgba(99,127,255,0.24)\u00bb global_colors_info=\u00bb{}\u00bb][\/et_pb_video][\/et_pb_column][\/et_pb_row][\/et_pb_section][et_pb_section fb_built=\u00bb1&#8243; _builder_version=\u00bb4.25.1&#8243; _module_preset=\u00bbdefault\u00bb global_colors_info=\u00bb{}\u00bb][\/et_pb_section]<\/p>\n","protected":false},"excerpt":{"rendered":"<p>Descubre c\u00f3mo nuestros envases de alta calidad pueden optimizar tu log\u00edstica y proteger tus productos.Envases Vicente P\u00e9rez, S.L, fundada en 1990 y ubicada en Las Norias de Daza, El Ejido (Almer\u00eda), ha evolucionado junto al sector agr\u00edcola almeriense, innovando y adapt\u00e1ndose a las necesidades del mercado. Gracias a este enfoque se ha consolidado como una [&hellip;]<\/p>\n","protected":false},"author":1,"featured_media":0,"parent":0,"menu_order":0,"comment_status":"closed","ping_status":"closed","template":"","meta":{"_et_pb_use_builder":"on","_et_pb_old_content":"<!-- wp:divi\/placeholder \/-->","_et_gb_content_width":"","footnotes":""},"class_list":["post-120","page","type-page","status-publish","hentry"],"_links":{"self":[{"href":"https:\/\/www.envasesvicente.com\/index.php\/wp-json\/wp\/v2\/pages\/120","targetHints":{"allow":["GET"]}}],"collection":[{"href":"https:\/\/www.envasesvicente.com\/index.php\/wp-json\/wp\/v2\/pages"}],"about":[{"href":"https:\/\/www.envasesvicente.com\/index.php\/wp-json\/wp\/v2\/types\/page"}],"author":[{"embeddable":true,"href":"https:\/\/www.envasesvicente.com\/index.php\/wp-json\/wp\/v2\/users\/1"}],"replies":[{"embeddable":true,"href":"https:\/\/www.envasesvicente.com\/index.php\/wp-json\/wp\/v2\/comments?post=120"}],"version-history":[{"count":45,"href":"https:\/\/www.envasesvicente.com\/index.php\/wp-json\/wp\/v2\/pages\/120\/revisions"}],"predecessor-version":[{"id":1829,"href":"https:\/\/www.envasesvicente.com\/index.php\/wp-json\/wp\/v2\/pages\/120\/revisions\/1829"}],"wp:attachment":[{"href":"https:\/\/www.envasesvicente.com\/index.php\/wp-json\/wp\/v2\/media?parent=120"}],"curies":[{"name":"wp","href":"https:\/\/api.w.org\/{rel}","templated":true}]}}