{"id":124,"date":"2024-06-10T09:25:00","date_gmt":"2024-06-10T09:25:00","guid":{"rendered":"https:\/\/envasesvicente.com\/NUEVAWEB\/?page_id=124"},"modified":"2025-01-15T11:04:23","modified_gmt":"2025-01-15T11:04:23","slug":"contacto","status":"publish","type":"page","link":"https:\/\/www.envasesvicente.com\/index.php\/contacto\/","title":{"rendered":"Contacto"},"content":{"rendered":"<p>[et_pb_section fb_built=\u00bb1&#8243; _builder_version=\u00bb4.25.1&#8243; _module_preset=\u00bbdefault\u00bb custom_padding=\u00bb||3px|||\u00bb global_colors_info=\u00bb{}\u00bb][et_pb_row _builder_version=\u00bb4.25.1&#8243; _module_preset=\u00bbdefault\u00bb global_colors_info=\u00bb{}\u00bb][et_pb_column type=\u00bb4_4&#8243; _builder_version=\u00bb4.25.1&#8243; _module_preset=\u00bbdefault\u00bb global_colors_info=\u00bb{}\u00bb][et_pb_heading title=\u00bbTrabaja con nosotros\u00bb _builder_version=\u00bb4.25.1&#8243; _module_preset=\u00bbdefault\u00bb title_font=\u00bb&#8211;et_global_heading_font|500|||||||\u00bb title_font_size=\u00bb42px\u00bb global_colors_info=\u00bb{}\u00bb][\/et_pb_heading][\/et_pb_column][\/et_pb_row][et_pb_row column_structure=\u00bb1_3,1_3,1_3&#8243; _builder_version=\u00bb4.25.1&#8243; _module_preset=\u00bbdefault\u00bb global_colors_info=\u00bb{}\u00bb][et_pb_column type=\u00bb1_3&#8243; _builder_version=\u00bb4.25.1&#8243; _module_preset=\u00bbdefault\u00bb global_colors_info=\u00bb{}\u00bb][et_pb_blurb title=\u00bbAdministraci\u00f3n\u00bb url=\u00bb#curriculum-pop\u00bb use_icon=\u00bbon\u00bb font_icon=\u00bb&#xe0f4;||divi||400&#8243; icon_color=\u00bb#000000&#8243; icon_placement=\u00bbleft\u00bb _builder_version=\u00bb4.25.1&#8243; header_font=\u00bbShare Tech||||||||\u00bb header_font_size=\u00bb24px\u00bb header_line_height=\u00bb1.2em\u00bb body_font=\u00bb&#8211;et_global_body_font||||||||\u00bb body_text_color=\u00bb#EDF000&#8243; body_line_height=\u00bb1em\u00bb background_color=\u00bb#f1f1f1&#8243; text_orientation=\u00bbcenter\u00bb custom_margin=\u00bb0px||-10px||false|false\u00bb custom_padding=\u00bb15px|30px|15px|30px|true|true\u00bb animation_style=\u00bbfold\u00bb animation_delay=\u00bb150ms\u00bb animation=\u00bboff\u00bb hover_enabled=\u00bb0&#8243; locked=\u00bboff\u00bb global_colors_info=\u00bb{}\u00bb sticky_enabled=\u00bb0&#8243;]<\/p>\n<h3 style=\"text-align: center; padding-left: 80px;\"><strong><button data-id=\"581\" data-post_id=\"124\" data-form_style=\"1\" data-allow_outside_click=\"1\" data-width=\"50%\" class=\"wpb-pcf-form-fire wpb-pcf-btn-medium wpb-pcf-btn wpb-pcf-btn-default\">Enviar CV<\/button><\/strong><\/h3>\n<p>[\/et_pb_blurb][\/et_pb_column][et_pb_column type=\u00bb1_3&#8243; _builder_version=\u00bb4.25.1&#8243; _module_preset=\u00bbdefault\u00bb global_colors_info=\u00bb{}\u00bb][et_pb_blurb title=\u00bbTrabajo en almacen\u00bb use_icon=\u00bbon\u00bb font_icon=\u00bb&#xf494;||fa||900&#8243; icon_color=\u00bb#FFFFFF\u00bb icon_placement=\u00bbleft\u00bb image_icon_width=\u00bb27px\u00bb _builder_version=\u00bb4.25.1&#8243; header_font=\u00bbShare Tech||||||||\u00bb header_font_size=\u00bb24px\u00bb header_line_height=\u00bb1.2em\u00bb body_font=\u00bbOpen Sans||||||||\u00bb body_line_height=\u00bb1.8em\u00bb background_color=\u00bb#97C21A\u00bb text_orientation=\u00bbcenter\u00bb background_layout=\u00bbdark\u00bb custom_padding=\u00bb16px|30px|16px|30px|true|true\u00bb animation_style=\u00bbfold\u00bb animation=\u00bboff\u00bb hover_enabled=\u00bb0&#8243; global_colors_info=\u00bb{}\u00bb sticky_enabled=\u00bb0&#8243;]<\/p>\n<h3 style=\"padding-left: 80px;\"><strong><button data-id=\"581\" data-post_id=\"124\" data-form_style=\"1\" data-allow_outside_click=\"1\" data-width=\"50%\" class=\"wpb-pcf-form-fire wpb-pcf-btn-medium wpb-pcf-btn wpb-pcf-btn-default\">Enviar CV<\/button><\/strong><\/h3>\n<p>[\/et_pb_blurb][\/et_pb_column][et_pb_column type=\u00bb1_3&#8243; _builder_version=\u00bb4.25.1&#8243; _module_preset=\u00bbdefault\u00bb global_colors_info=\u00bb{}\u00bb][et_pb_blurb title=\u00bbConductor\u00bb use_icon=\u00bbon\u00bb font_icon=\u00bb&#xf4df;||fa||900&#8243; icon_color=\u00bb#FFFFFF\u00bb icon_placement=\u00bbleft\u00bb _builder_version=\u00bb4.25.1&#8243; header_font=\u00bbShare Tech||||||||\u00bb header_font_size=\u00bb24px\u00bb header_line_height=\u00bb1.2em\u00bb body_font=\u00bb&#8211;et_global_body_font||||||||\u00bb body_line_height=\u00bb1.8em\u00bb background_color=\u00bb#003766&#8243; text_orientation=\u00bbcenter\u00bb background_layout=\u00bbdark\u00bb custom_padding=\u00bb16px|15px|16px|15px|true|true\u00bb animation_style=\u00bbfold\u00bb animation_delay=\u00bb100ms\u00bb animation=\u00bboff\u00bb border_width_all=\u00bb1px\u00bb border_color_all=\u00bbrgba(21,49,78,0.17)\u00bb locked=\u00bboff\u00bb global_colors_info=\u00bb{}\u00bb]<\/p>\n<h3 style=\"padding-left: 80px;\"><strong><button data-id=\"581\" data-post_id=\"124\" data-form_style=\"1\" data-allow_outside_click=\"1\" data-width=\"50%\" class=\"wpb-pcf-form-fire wpb-pcf-btn-medium wpb-pcf-btn wpb-pcf-btn-default\">Enviar CV<\/button><\/strong><\/h3>\n<p>[\/et_pb_blurb][\/et_pb_column][\/et_pb_row][\/et_pb_section][et_pb_section fb_built=\u00bb1&#8243; _builder_version=\u00bb4.25.1&#8243; _module_preset=\u00bbdefault\u00bb custom_padding=\u00bb0px|||||\u00bb global_colors_info=\u00bb{}\u00bb][et_pb_row _builder_version=\u00bb4.25.1&#8243; _module_preset=\u00bbdefault\u00bb global_colors_info=\u00bb{}\u00bb][et_pb_column type=\u00bb4_4&#8243; _builder_version=\u00bb4.25.1&#8243; _module_preset=\u00bbdefault\u00bb global_colors_info=\u00bb{}\u00bb][et_pb_code _builder_version=\u00bb4.25.1&#8243; _module_preset=\u00bbdefault\u00bb global_colors_info=\u00bb{}\u00bb]<iframe src=\"https:\/\/www.google.com\/maps\/embed?pb=!1m18!1m12!1m3!1d12785.504994027315!2d-2.7686798733494076!3d36.761540435383374!2m3!1f0!2f0!3f0!3m2!1i1024!2i768!4f13.1!3m3!1m2!1s0xd70686c975458cd%3A0x99fc47addc0c45f3!2sEnvases%20Vicente%20P%C3%A9rez%20SL!5e0!3m2!1ses!2ses!4v1719079640972!5m2!1ses!2ses\" width=\"1200\" height=\"450\" style=\"border:0;\" allowfullscreen=\"\" loading=\"lazy\" referrerpolicy=\"no-referrer-when-downgrade\"><\/iframe>[\/et_pb_code][\/et_pb_column][\/et_pb_row][et_pb_row column_structure=\u00bb1_3,1_3,1_3&#8243; _builder_version=\u00bb4.25.1&#8243; _module_preset=\u00bbdefault\u00bb global_colors_info=\u00bb{}\u00bb][et_pb_column type=\u00bb1_3&#8243; _builder_version=\u00bb4.25.1&#8243; _module_preset=\u00bbdefault\u00bb global_colors_info=\u00bb{}\u00bb][et_pb_blurb title=\u00bbTelefono y WhatsApp\u00bb image=\u00bbhttps:\/\/www.envasesvicente.com\/NUEVAWEB\/wp-content\/uploads\/2024\/06\/phone_64px.png\u00bb _builder_version=\u00bb4.25.1&#8243; header_font=\u00bbShare Tech||||||||\u00bb header_font_size=\u00bb24px\u00bb header_line_height=\u00bb1.2em\u00bb body_font=\u00bbOpen Sans||||||||\u00bb body_line_height=\u00bb1em\u00bb background_color=\u00bb#f1f1f1&#8243; text_orientation=\u00bbcenter\u00bb custom_margin=\u00bb0px||||false|false\u00bb custom_padding=\u00bb0px|30px|0px|30px|true|true\u00bb animation_style=\u00bbfold\u00bb animation_delay=\u00bb150ms\u00bb animation=\u00bboff\u00bb hover_enabled=\u00bb0&#8243; locked=\u00bboff\u00bb global_colors_info=\u00bb{}\u00bb sticky_enabled=\u00bb0&#8243;]<\/p>\n<p><span>(34) 950 58 74 79<\/span><\/p>\n<p><span>(34) 637 482 040<\/span><\/p>\n<p><span style=\"font-size: 16px;\">Horario:<\/span><\/p>\n<p><span style=\"font-size: 16px;\"><strong> L &#8211; V<\/strong>\u00a0 8:00-14:00\u00a0 <\/span>15:30-19:00<\/p>\n<p><strong>S<\/strong>\u00a0 8:00-14:00<\/p>\n<p>&nbsp;<\/p>\n<p>[\/et_pb_blurb][\/et_pb_column][et_pb_column type=\u00bb1_3&#8243; _builder_version=\u00bb4.25.1&#8243; _module_preset=\u00bbdefault\u00bb global_colors_info=\u00bb{}\u00bb][et_pb_blurb title=\u00bbDirecci\u00f3n\u00bb image=\u00bbhttps:\/\/www.envasesvicente.com\/NUEVAWEB\/wp-content\/uploads\/2024\/06\/line-icons-42.png\u00bb _builder_version=\u00bb4.25.1&#8243; header_font=\u00bbShare Tech||||||||\u00bb header_font_size=\u00bb24px\u00bb header_line_height=\u00bb1.2em\u00bb body_font=\u00bbOpen Sans||||||||\u00bb body_line_height=\u00bb1.8em\u00bb background_color=\u00bb#97C21A\u00bb text_orientation=\u00bbcenter\u00bb background_layout=\u00bbdark\u00bb custom_padding=\u00bb40px|30px|40px|30px|true|true\u00bb animation_style=\u00bbfold\u00bb animation=\u00bboff\u00bb global_colors_info=\u00bb{}\u00bb]<\/p>\n<p><span>Paraje Virgen de \u00c1frica, s\/n<br \/>04716 Las Norias de Daza &#8211; El Ejido &#8211; Almer\u00eda<\/span><\/p>\n<p>[\/et_pb_blurb][\/et_pb_column][et_pb_column type=\u00bb1_3&#8243; _builder_version=\u00bb4.25.1&#8243; _module_preset=\u00bbdefault\u00bb global_colors_info=\u00bb{}\u00bb][et_pb_blurb title=\u00bbEmail y LinkedIn\u00bb image=\u00bbhttps:\/\/www.envasesvicente.com\/NUEVAWEB\/wp-content\/uploads\/2024\/06\/line-icons-41.png\u00bb _builder_version=\u00bb4.25.1&#8243; header_font=\u00bbShare Tech||||||||\u00bb header_font_size=\u00bb24px\u00bb header_line_height=\u00bb1.2em\u00bb body_font=\u00bbOpen Sans||||||||\u00bb body_line_height=\u00bb1.8em\u00bb background_color=\u00bb#003766&#8243; text_orientation=\u00bbcenter\u00bb background_layout=\u00bbdark\u00bb custom_padding=\u00bb33px|15px|33px|15px|true|true\u00bb animation_style=\u00bbfold\u00bb animation_delay=\u00bb100ms\u00bb animation=\u00bboff\u00bb border_width_all=\u00bb1px\u00bb border_color_all=\u00bbrgba(21,49,78,0.17)\u00bb locked=\u00bboff\u00bb global_colors_info=\u00bb{}\u00bb]<\/p>\n<p><a href=\"mailto:info@idiria.com\">info@envasesvicente.com<\/a><\/p>\n<p><a href=\"https:\/\/www.linkedin.com\/company\/envases-vicente-p%C3%A9rez-s-l\/\" target=\"_blank\" rel=\"noopener\"><img loading=\"lazy\" decoding=\"async\" src=\"https:\/\/www.envasesvicente.com\/NUEVAWEB\/wp-content\/uploads\/2024\/09\/icons8-linkedin-48.png\" width=\"48\" height=\"48\" alt=\"\" class=\"wp-image-621 alignnone size-full\" srcset=\"https:\/\/www.envasesvicente.com\/wp-content\/uploads\/2024\/09\/icons8-linkedin-48.png 48w, https:\/\/www.envasesvicente.com\/wp-content\/uploads\/2024\/09\/icons8-linkedin-48-300x300.png 300w\" sizes=\"(max-width: 48px) 100vw, 48px\" \/><\/a><\/p>\n<p>[\/et_pb_blurb][\/et_pb_column][\/et_pb_row][\/et_pb_section][et_pb_section fb_built=\u00bb1&#8243; disabled_on=\u00bbon|on|on\u00bb _builder_version=\u00bb4.25.1&#8243; _module_preset=\u00bbdefault\u00bb disabled=\u00bbon\u00bb global_colors_info=\u00bb{}\u00bb][et_pb_row _builder_version=\u00bb4.25.1&#8243; _module_preset=\u00bbdefault\u00bb global_colors_info=\u00bb{}\u00bb][et_pb_column type=\u00bb4_4&#8243; _builder_version=\u00bb4.25.1&#8243; _module_preset=\u00bbdefault\u00bb global_colors_info=\u00bb{}\u00bb][et_pb_tabs active_tab_background_color=\u00bb#003766&#8243; inactive_tab_background_color=\u00bb#FFFFFF\u00bb active_tab_text_color=\u00bb#FFFFFF\u00bb _builder_version=\u00bb4.25.1&#8243; _module_preset=\u00bbdefault\u00bb tab_text_color=\u00bb#000000&#8243; tab_font=\u00bb|800|||||||\u00bb border_color_all=\u00bb#003766&#8243; global_colors_info=\u00bb{}\u00bb][et_pb_tab title=\u00bbAdministraci\u00f3n\u00bb _builder_version=\u00bb4.25.1&#8243; _module_preset=\u00bbdefault\u00bb global_colors_info=\u00bb{}\u00bb]<\/p>\n<p>[showmodule id=\u00bb383&#8243;]<br \/>[showmodule id=\u00bb310&#8243;]<\/p>\n<p>[\/et_pb_tab][et_pb_tab title=\u00bbPedidos\u00bb _builder_version=\u00bb4.25.1&#8243; _module_preset=\u00bbdefault\u00bb global_colors_info=\u00bb{}\u00bb]<\/p>\n<p>[showmodule id=\u00bb320&#8243;]<\/p>\n<p>[showmodule id=\u00bb310&#8243;]<\/p>\n<p>&nbsp;<\/p>\n<p>[\/et_pb_tab][et_pb_tab title=\u00bbFacturaci\u00f3n\u00bb _builder_version=\u00bb4.25.1&#8243; _module_preset=\u00bbdefault\u00bb global_colors_info=\u00bb{}\u00bb]<\/p>\n<p>[showmodule id=\u00bb322&#8243;]<br \/>[showmodule id=\u00bb310&#8243;]<\/p>\n<p>[\/et_pb_tab][et_pb_tab title=\u00bbInformaci\u00f3n\u00bb _builder_version=\u00bb4.25.1&#8243; _module_preset=\u00bbdefault\u00bb global_colors_info=\u00bb{}\u00bb]<\/p>\n<p>[showmodule id=\u00bb324&#8243;]<br \/>[showmodule id=\u00bb310&#8243;]<\/p>\n<p>[\/et_pb_tab][\/et_pb_tabs][et_pb_social_media_follow _builder_version=\u00bb4.25.1&#8243; _module_preset=\u00bbdefault\u00bb global_colors_info=\u00bb{}\u00bb][et_pb_social_media_follow_network social_network=\u00bbfacebook\u00bb _builder_version=\u00bb4.25.1&#8243; _module_preset=\u00bbdefault\u00bb background_color=\u00bb#3b5998&#8243; global_colors_info=\u00bb{}\u00bb follow_button=\u00bboff\u00bb url_new_window=\u00bbon\u00bb]facebook[\/et_pb_social_media_follow_network][et_pb_social_media_follow_network social_network=\u00bbtwitter\u00bb _builder_version=\u00bb4.25.1&#8243; _module_preset=\u00bbdefault\u00bb background_color=\u00bb#000000&#8243; global_colors_info=\u00bb{}\u00bb follow_button=\u00bboff\u00bb url_new_window=\u00bbon\u00bb]X[\/et_pb_social_media_follow_network][et_pb_social_media_follow_network social_network=\u00bblinkedin\u00bb url=\u00bbhttps:\/\/www.linkedin.com\/company\/envases-vicente-p%C3%A9rez-s-l\/\u00bb _builder_version=\u00bb4.25.1&#8243; _module_preset=\u00bbdefault\u00bb background_color=\u00bb#007bb6&#8243; global_colors_info=\u00bb{}\u00bb follow_button=\u00bboff\u00bb url_new_window=\u00bbon\u00bb]linkedin[\/et_pb_social_media_follow_network][\/et_pb_social_media_follow][\/et_pb_column][\/et_pb_row][\/et_pb_section][et_pb_section fb_built=\u00bb1&#8243; _builder_version=\u00bb4.25.1&#8243; _module_preset=\u00bbdefault\u00bb width=\u00bb100%\u00bb global_colors_info=\u00bb{}\u00bb][et_pb_row _builder_version=\u00bb4.25.1&#8243; _module_preset=\u00bbdefault\u00bb global_colors_info=\u00bb{}\u00bb][et_pb_column type=\u00bb4_4&#8243; _builder_version=\u00bb4.25.1&#8243; _module_preset=\u00bbdefault\u00bb global_colors_info=\u00bb{}\u00bb][et_pb_contact_form email=\u00bbinfo@envasesvicente.com\u00bb title=\u00bbCont\u00e1ctenos\u00bb custom_message=\u00bbMensaje enviado desde el formulario de contacto de la web ENVASES VICENTE||et_pb_line_break_holder||||et_pb_line_break_holder||Nombre: %%Name%%||et_pb_line_break_holder||||et_pb_line_break_holder||Email: %%Email%%||et_pb_line_break_holder||||et_pb_line_break_holder||Direcci\u00f3n: %%Address%%||et_pb_line_break_holder||||et_pb_line_break_holder||Tel\u00e9fono: %%Phone%%||et_pb_line_break_holder||||et_pb_line_break_holder||Consentimiento: %%Consentimiento%%||et_pb_line_break_holder||||et_pb_line_break_holder||Mensaje: %%Message%%\u00bb success_message=\u00bbMensaje enviado\u00bb submit_button_text=\u00bbEnviar mensaje\u00bb module_id=\u00bbet_pb_contact_form_0&#8243; _builder_version=\u00bb4.25.1&#8243; form_field_background_color=\u00bbrgba(0,0,0,0)\u00bb form_field_text_color=\u00bb#000000&#8243; form_field_focus_background_color=\u00bb#FFFFFF\u00bb form_field_focus_text_color=\u00bb#000000&#8243; title_level=\u00bbh2&#8243; title_font=\u00bbShare Tech||||||||\u00bb title_text_color=\u00bb#000000&#8243; title_font_size=\u00bb50px\u00bb title_line_height=\u00bb1.2em\u00bb form_field_font=\u00bbOpen Sans|600|||||||\u00bb form_field_letter_spacing=\u00bb2px\u00bb form_field_line_height=\u00bb1.8em\u00bb background_enable_color=\u00bboff\u00bb custom_button=\u00bbon\u00bb button_text_size=\u00bb15px\u00bb button_text_color=\u00bb#FFFFFF\u00bb button_bg_color=\u00bb#97C21A\u00bb button_border_width=\u00bb10px\u00bb button_border_color=\u00bb#97C21A\u00bb button_border_radius=\u00bb100px\u00bb button_letter_spacing=\u00bb5px\u00bb button_font=\u00bbOpen Sans|700||on|||||\u00bb button_use_icon=\u00bboff\u00bb button_text_size_last_edited=\u00bboff|desktop\u00bb border_width_bottom=\u00bb1px\u00bb border_color_bottom=\u00bb#000000&#8243; form_background_color=\u00bbrgba(0,0,0,0)\u00bb global_module=\u00bb570&#8243; saved_tabs=\u00bball\u00bb global_colors_info=\u00bb{}\u00bb][et_pb_contact_field field_id=\u00bbName\u00bb field_title=\u00bbNombre\u00bb _builder_version=\u00bb4.22.2&#8243; global_colors_info=\u00bb{}\u00bb button_text_size__hover_enabled=\u00bboff\u00bb button_one_text_size__hover_enabled=\u00bboff\u00bb button_two_text_size__hover_enabled=\u00bboff\u00bb button_text_color__hover_enabled=\u00bboff\u00bb button_one_text_color__hover_enabled=\u00bboff\u00bb button_two_text_color__hover_enabled=\u00bboff\u00bb button_border_width__hover_enabled=\u00bboff\u00bb button_one_border_width__hover_enabled=\u00bboff\u00bb button_two_border_width__hover_enabled=\u00bboff\u00bb button_border_color__hover_enabled=\u00bboff\u00bb button_one_border_color__hover_enabled=\u00bboff\u00bb button_two_border_color__hover_enabled=\u00bboff\u00bb button_border_radius__hover_enabled=\u00bboff\u00bb button_one_border_radius__hover_enabled=\u00bboff\u00bb button_two_border_radius__hover_enabled=\u00bboff\u00bb button_letter_spacing__hover_enabled=\u00bboff\u00bb button_one_letter_spacing__hover_enabled=\u00bboff\u00bb button_two_letter_spacing__hover_enabled=\u00bboff\u00bb button_bg_color__hover_enabled=\u00bboff\u00bb button_one_bg_color__hover_enabled=\u00bboff\u00bb button_two_bg_color__hover_enabled=\u00bboff\u00bb][\/et_pb_contact_field][et_pb_contact_field field_id=\u00bbEmail\u00bb field_title=\u00bbEmail \u00bb field_type=\u00bbemail\u00bb _builder_version=\u00bb4.22.2&#8243; global_colors_info=\u00bb{}\u00bb button_text_size__hover_enabled=\u00bboff\u00bb button_one_text_size__hover_enabled=\u00bboff\u00bb button_two_text_size__hover_enabled=\u00bboff\u00bb button_text_color__hover_enabled=\u00bboff\u00bb button_one_text_color__hover_enabled=\u00bboff\u00bb button_two_text_color__hover_enabled=\u00bboff\u00bb button_border_width__hover_enabled=\u00bboff\u00bb button_one_border_width__hover_enabled=\u00bboff\u00bb button_two_border_width__hover_enabled=\u00bboff\u00bb button_border_color__hover_enabled=\u00bboff\u00bb button_one_border_color__hover_enabled=\u00bboff\u00bb button_two_border_color__hover_enabled=\u00bboff\u00bb button_border_radius__hover_enabled=\u00bboff\u00bb button_one_border_radius__hover_enabled=\u00bboff\u00bb button_two_border_radius__hover_enabled=\u00bboff\u00bb button_letter_spacing__hover_enabled=\u00bboff\u00bb button_one_letter_spacing__hover_enabled=\u00bboff\u00bb button_two_letter_spacing__hover_enabled=\u00bboff\u00bb button_bg_color__hover_enabled=\u00bboff\u00bb button_one_bg_color__hover_enabled=\u00bboff\u00bb button_two_bg_color__hover_enabled=\u00bboff\u00bb][\/et_pb_contact_field][et_pb_contact_field field_id=\u00bbAddress\u00bb field_title=\u00bbDirecci\u00f3n\u00bb _builder_version=\u00bb4.22.2&#8243; global_colors_info=\u00bb{}\u00bb button_text_size__hover_enabled=\u00bboff\u00bb button_one_text_size__hover_enabled=\u00bboff\u00bb button_two_text_size__hover_enabled=\u00bboff\u00bb button_text_color__hover_enabled=\u00bboff\u00bb button_one_text_color__hover_enabled=\u00bboff\u00bb button_two_text_color__hover_enabled=\u00bboff\u00bb button_border_width__hover_enabled=\u00bboff\u00bb button_one_border_width__hover_enabled=\u00bboff\u00bb button_two_border_width__hover_enabled=\u00bboff\u00bb button_border_color__hover_enabled=\u00bboff\u00bb button_one_border_color__hover_enabled=\u00bboff\u00bb button_two_border_color__hover_enabled=\u00bboff\u00bb button_border_radius__hover_enabled=\u00bboff\u00bb button_one_border_radius__hover_enabled=\u00bboff\u00bb button_two_border_radius__hover_enabled=\u00bboff\u00bb button_letter_spacing__hover_enabled=\u00bboff\u00bb button_one_letter_spacing__hover_enabled=\u00bboff\u00bb button_two_letter_spacing__hover_enabled=\u00bboff\u00bb button_bg_color__hover_enabled=\u00bboff\u00bb button_one_bg_color__hover_enabled=\u00bboff\u00bb button_two_bg_color__hover_enabled=\u00bboff\u00bb][\/et_pb_contact_field][et_pb_contact_field field_id=\u00bbPhone\u00bb field_title=\u00bbTel\u00e9fono\u00bb _builder_version=\u00bb4.22.2&#8243; global_colors_info=\u00bb{}\u00bb button_text_size__hover_enabled=\u00bboff\u00bb button_one_text_size__hover_enabled=\u00bboff\u00bb button_two_text_size__hover_enabled=\u00bboff\u00bb button_text_color__hover_enabled=\u00bboff\u00bb button_one_text_color__hover_enabled=\u00bboff\u00bb button_two_text_color__hover_enabled=\u00bboff\u00bb button_border_width__hover_enabled=\u00bboff\u00bb button_one_border_width__hover_enabled=\u00bboff\u00bb button_two_border_width__hover_enabled=\u00bboff\u00bb button_border_color__hover_enabled=\u00bboff\u00bb button_one_border_color__hover_enabled=\u00bboff\u00bb button_two_border_color__hover_enabled=\u00bboff\u00bb button_border_radius__hover_enabled=\u00bboff\u00bb button_one_border_radius__hover_enabled=\u00bboff\u00bb button_two_border_radius__hover_enabled=\u00bboff\u00bb button_letter_spacing__hover_enabled=\u00bboff\u00bb button_one_letter_spacing__hover_enabled=\u00bboff\u00bb button_two_letter_spacing__hover_enabled=\u00bboff\u00bb button_bg_color__hover_enabled=\u00bboff\u00bb button_one_bg_color__hover_enabled=\u00bboff\u00bb button_two_bg_color__hover_enabled=\u00bboff\u00bb][\/et_pb_contact_field][et_pb_contact_field field_id=\u00bbMessage\u00bb field_title=\u00bbMensaje\u00bb field_type=\u00bbtext\u00bb fullwidth_field=\u00bbon\u00bb _builder_version=\u00bb4.22.2&#8243; global_colors_info=\u00bb{}\u00bb button_text_size__hover_enabled=\u00bboff\u00bb button_one_text_size__hover_enabled=\u00bboff\u00bb button_two_text_size__hover_enabled=\u00bboff\u00bb button_text_color__hover_enabled=\u00bboff\u00bb button_one_text_color__hover_enabled=\u00bboff\u00bb button_two_text_color__hover_enabled=\u00bboff\u00bb button_border_width__hover_enabled=\u00bboff\u00bb button_one_border_width__hover_enabled=\u00bboff\u00bb button_two_border_width__hover_enabled=\u00bboff\u00bb button_border_color__hover_enabled=\u00bboff\u00bb button_one_border_color__hover_enabled=\u00bboff\u00bb button_two_border_color__hover_enabled=\u00bboff\u00bb button_border_radius__hover_enabled=\u00bboff\u00bb button_one_border_radius__hover_enabled=\u00bboff\u00bb button_two_border_radius__hover_enabled=\u00bboff\u00bb button_letter_spacing__hover_enabled=\u00bboff\u00bb button_one_letter_spacing__hover_enabled=\u00bboff\u00bb button_two_letter_spacing__hover_enabled=\u00bboff\u00bb button_bg_color__hover_enabled=\u00bboff\u00bb button_one_bg_color__hover_enabled=\u00bboff\u00bb button_two_bg_color__hover_enabled=\u00bboff\u00bb][\/et_pb_contact_field][et_pb_contact_field field_id=\u00bbConsentimiento\u00bb field_title=\u00bbConsentimiento\u00bb field_type=\u00bbcheckbox\u00bb checkbox_options=\u00bb%91{%22value%22:%22Acepto los t\u00e9rminos y condiciones, pol\u00edtica de privacidad y procesamiento de datos.%22,%22checked%22:1,%22dragID%22:-1,%22link_url%22:%22https:\/\/idiria.com\/politica-de-privacidad%22}%93&#8243; fullwidth_field=\u00bbon\u00bb _builder_version=\u00bb4.25.1&#8243; _module_preset=\u00bbdefault\u00bb global_colors_info=\u00bb{}\u00bb][\/et_pb_contact_field][\/et_pb_contact_form][et_pb_text _builder_version=\u00bb4.25.1&#8243; _module_preset=\u00bbdefault\u00bb text_font=\u00bb||||||||\u00bb text_text_color=\u00bb#000000&#8243; text_font_size=\u00bb9px\u00bb text_line_height=\u00bb1.4em\u00bb global_module=\u00bb310&#8243; global_colors_info=\u00bb{}\u00bb]<\/p>\n<p>En nombre de la empresa tratamos la informaci\u00f3n que nos facilita con el fin de prestarles el servicio solicitado. Los datos proporcionados se conservar\u00e1n mientras se mantenga la relaci\u00f3n comercial o durante el tiempo necesario para cumplir con las obligaciones legales. La informaci\u00f3n puede ser facilitada a encargados de tratamiento para el mantenimiento de esta p\u00e1gina web o en los casos en que exista una obligaci\u00f3n legal. Usted tiene derecho a obtener confirmaci\u00f3n sobre si en ENVASES VICENTE PEREZ, S.L. estamos tratando sus datos personales por tanto tiene derecho a acceder a sus datos personales, rectificar los datos inexactos o solicitar su supresi\u00f3n cuando los datos ya no sean necesarios. Puede tener acceso a informaci\u00f3n adicional sobre c\u00f3mo tratamos sus datos en la secci\u00f3n \u201cPol\u00edtica de Protecci\u00f3n de Datos\u201d, en esta misma p\u00e1gina web.<strong><br \/><\/strong><\/p>\n<p>&nbsp;<\/p>\n<p>[\/et_pb_text][\/et_pb_column][\/et_pb_row][\/et_pb_section]<\/p>\n","protected":false},"excerpt":{"rendered":"<p><button data-id=\"581\" data-post_id=\"124\" data-form_style=\"1\" data-allow_outside_click=\"1\" data-width=\"50%\" class=\"wpb-pcf-form-fire wpb-pcf-btn-medium wpb-pcf-btn wpb-pcf-btn-default\">Enviar CV<\/button><button data-id=\"581\" data-post_id=\"124\" data-form_style=\"1\" data-allow_outside_click=\"1\" data-width=\"50%\" class=\"wpb-pcf-form-fire wpb-pcf-btn-medium wpb-pcf-btn wpb-pcf-btn-default\">Enviar CV<\/button><button data-id=\"581\" data-post_id=\"124\" data-form_style=\"1\" data-allow_outside_click=\"1\" data-width=\"50%\" class=\"wpb-pcf-form-fire wpb-pcf-btn-medium wpb-pcf-btn wpb-pcf-btn-default\">Enviar CV<\/button>(34) 950 58 74 79 (34) 637 482 040 Horario: L &#8211; V\u00a0 8:00-14:00\u00a0 15:30-19:00 S\u00a0 8:00-14:00 &nbsp;Paraje Virgen de \u00c1frica, s\/n04716 Las Norias de Daza &#8211; El Ejido &#8211; Almer\u00edainfo@envasesvicente.com [showmodule id=\u00bb383&#8243;][showmodule id=\u00bb310&#8243;][showmodule id=\u00bb320&#8243;] [showmodule id=\u00bb310&#8243;] &nbsp;[showmodule id=\u00bb322&#8243;][showmodule id=\u00bb310&#8243;][showmodule id=\u00bb324&#8243;][showmodule id=\u00bb310&#8243;]En nombre de la empresa tratamos la informaci\u00f3n [&hellip;]<\/p>\n","protected":false},"author":1,"featured_media":0,"parent":0,"menu_order":0,"comment_status":"closed","ping_status":"closed","template":"","meta":{"_et_pb_use_builder":"on","_et_pb_old_content":"<!-- wp:divi\/placeholder \/-->","_et_gb_content_width":"","footnotes":""},"class_list":["post-124","page","type-page","status-publish","hentry"],"_links":{"self":[{"href":"https:\/\/www.envasesvicente.com\/index.php\/wp-json\/wp\/v2\/pages\/124","targetHints":{"allow":["GET"]}}],"collection":[{"href":"https:\/\/www.envasesvicente.com\/index.php\/wp-json\/wp\/v2\/pages"}],"about":[{"href":"https:\/\/www.envasesvicente.com\/index.php\/wp-json\/wp\/v2\/types\/page"}],"author":[{"embeddable":true,"href":"https:\/\/www.envasesvicente.com\/index.php\/wp-json\/wp\/v2\/users\/1"}],"replies":[{"embeddable":true,"href":"https:\/\/www.envasesvicente.com\/index.php\/wp-json\/wp\/v2\/comments?post=124"}],"version-history":[{"count":91,"href":"https:\/\/www.envasesvicente.com\/index.php\/wp-json\/wp\/v2\/pages\/124\/revisions"}],"predecessor-version":[{"id":1831,"href":"https:\/\/www.envasesvicente.com\/index.php\/wp-json\/wp\/v2\/pages\/124\/revisions\/1831"}],"wp:attachment":[{"href":"https:\/\/www.envasesvicente.com\/index.php\/wp-json\/wp\/v2\/media?parent=124"}],"curies":[{"name":"wp","href":"https:\/\/api.w.org\/{rel}","templated":true}]}}