{"id":168,"date":"2024-06-11T07:20:42","date_gmt":"2024-06-11T07:20:42","guid":{"rendered":"https:\/\/envasesvicente.com\/NUEVAWEB\/?page_id=168"},"modified":"2024-09-24T16:16:14","modified_gmt":"2024-09-24T16:16:14","slug":"privacidad","status":"publish","type":"page","link":"https:\/\/www.envasesvicente.com\/index.php\/privacidad\/","title":{"rendered":"Privacidad"},"content":{"rendered":"<p>[et_pb_section fb_built=\u00bb1&#8243; _builder_version=\u00bb4.25.1&#8243; _module_preset=\u00bbdefault\u00bb background_color=\u00bb#003766&#8243; custom_padding=\u00bb20px||3px|||\u00bb global_colors_info=\u00bb{}\u00bb][et_pb_row _builder_version=\u00bb4.25.1&#8243; _module_preset=\u00bbdefault\u00bb custom_margin=\u00bb|auto|12px|auto||\u00bb global_colors_info=\u00bb{}\u00bb][et_pb_column type=\u00bb4_4&#8243; _builder_version=\u00bb4.25.1&#8243; _module_preset=\u00bbdefault\u00bb global_colors_info=\u00bb{}\u00bb][et_pb_heading title=\u00bbPol\u00edtica de Privacidad\u00bb _builder_version=\u00bb4.25.1&#8243; _module_preset=\u00bbdefault\u00bb title_text_align=\u00bbcenter\u00bb title_text_color=\u00bb#FFFFFF\u00bb title_font_size=\u00bb46px\u00bb hover_enabled=\u00bb0&#8243; global_colors_info=\u00bb{}\u00bb title_font=\u00bb&#8211;et_global_heading_font||||||||\u00bb sticky_enabled=\u00bb0&#8243;][\/et_pb_heading][\/et_pb_column][\/et_pb_row][\/et_pb_section][et_pb_section fb_built=\u00bb1&#8243; _builder_version=\u00bb4.25.1&#8243; _module_preset=\u00bbdefault\u00bb global_colors_info=\u00bb{}\u00bb][et_pb_row _builder_version=\u00bb4.25.1&#8243; _module_preset=\u00bbdefault\u00bb global_colors_info=\u00bb{}\u00bb][et_pb_column type=\u00bb4_4&#8243; _builder_version=\u00bb4.25.1&#8243; _module_preset=\u00bbdefault\u00bb global_colors_info=\u00bb{}\u00bb][et_pb_text _builder_version=\u00bb4.25.1&#8243; _module_preset=\u00bbdefault\u00bb hover_enabled=\u00bb0&#8243; global_colors_info=\u00bb{}\u00bb text_font=\u00bb&#8211;et_global_body_font||||||||\u00bb header_font=\u00bb&#8211;et_global_body_font||||||||\u00bb sticky_enabled=\u00bb0&#8243;]<\/p>\n<p><b>1. RESPONSABLE<\/b><\/p>\n<ol type=\"A\">\n<li><b>Datos de contacto del Responsable<\/b><br \/>El responsable de los datos recabados mediante esta web es ENVASES VICENTE PEREZ, S.L. con direcci\u00f3n PARAJE VIRGEN DE AFRICA, S\/N, 04716, EJIDO, EL (ALMER\u00cdA) Y CIF B04176160. Usted podr\u00e1 contactar con el responsable mediante el siguiente Email calidad@envasesvicente.com o en el tel\u00e9fono 950587479<\/li>\n<li><b>Identidad y datos de contacto del representante<\/b><br \/><span>JOAQUINA HEREDIA LIROLA<\/span><\/li>\n<li><b>Datos de contacto del Delegado de Protecci\u00f3n de Datos<\/b><br \/>__________________ __________________<br \/>__________________ __________________<br \/>__________________ __________________<\/li>\n<\/ol>\n<p><b>2. FINALIDAD<\/b><\/p>\n<ol type=\"A\">\n<li><b>Descripci\u00f3n ampliada de los fines del tratamiento<\/b><br \/>Gesti\u00f3n de clientes, contable, fiscal y administrativa Publicidad y prospecci\u00f3n comercial<\/li>\n<li><b>Plazos o criterios de conservaci\u00f3n de los datos<\/b><br \/>Conservaremos los datos durante el tiempo que sea necesario para atender la solicitud y cumplir con las obligaciones legales exigidas. Los datos que usted nos ha facilitado ser\u00e1n conservados mientras sean necesarios para las finalidades indicadas en el punto 2.A., o tambi\u00e9n ser\u00e1n almacenadas por el tiempo exigido por distintas legislaciones aplicables.<\/li>\n<li><b>Decisiones automatizadas, perfiles y l\u00f3gica aplicada<\/b><br \/>Los datos recogidos mediante la p\u00e1gina web no ser\u00e1n utilizados para tomar decisiones automatizadas.<\/li>\n<\/ol>\n<p><b>3. LEGITIMACION<\/b><\/p>\n<ol type=\"A\">\n<li><b>Legislaci\u00f3n aplicable<\/b><br \/>La legislaci\u00f3n aplicada es el Reglamento General de Protecci\u00f3n de Datos 2016\/679 de 27 de abril de 2016 as\u00ed como la Ley Org\u00e1nica 3\/2018, de 5 de diciembre, de Protecci\u00f3n de Datos Personales y garant\u00eda de los derechos digitales.<\/li>\n<li><b>Detalles de la base jur\u00eddica del tratamiento, en los casos de obligaci\u00f3n legal, inter\u00e9s p\u00fablico o inter\u00e9s p\u00fablico o inter\u00e9s leg\u00edtimo<\/b><br \/>Art. 6, apartado 1 letra a. Que considera el consentimiento del interesado como una base leg\u00edtima para el tratamiento de datos personales contenidos en este fichero.<\/li>\n<li><b>Obligaci\u00f3n o no de facilitar datos y consecuencias de no hacerlo<\/b><br \/>No est\u00e1 obligado a facilitarnos los datos, sin embargo, ser\u00e1 necesario para poder gestionar las sugerencias o peticiones que necesite hacernos mediante la p\u00e1gina web.<\/li>\n<\/ol>\n<p><b>4. DESTINATARIOS<\/b><\/p>\n<ol type=\"A\">\n<li><b>Destinatarios<\/b><br \/>Organizaciones o personas directamente relacionadas con la empresa, Administraci\u00f3n p\u00fablica con competencia en la materia<\/li>\n<li><b>Destinatarios espec\u00edficos<\/b><br \/>Es posible que encargados de tratamiento puedan acceder a los datos facilitados mediante esta p\u00e1gina web por el ejercicio de sus funciones de mantenimiento.<\/li>\n<li><b>Decisiones de adecuaci\u00f3n, garant\u00edas, normas corporativas vinculantes o situaciones espec\u00edficas aplicables<\/b><br \/>No existen.<\/li>\n<li><b>D. Transferencias internacionales<\/b><br \/>No existen<\/li>\n<\/ol>\n<p><b>5. DERECHOS<\/b><\/p>\n<ol type=\"A\">\n<li><b>C\u00f3mo ejercer los derechos de acceso, rectificaci\u00f3n, supresi\u00f3n y portabilidad de sus datos, y la limitaci\u00f3n u oposici\u00f3n a su tratamiento<\/b><br \/>El interesado podr\u00e1 conocer, modificar, o eliminar los datos que la empresa posea acerca de su persona mediante correo electr\u00f3nico facilitando su DNI o bien por correo postal a PARAJE VIRGEN DE AFRICA, S\/N, 04716, EJIDO, EL ( ALMER\u00cdA). El interesado podr\u00e1 transferir sus datos a otra entidad o bien limitar los ya existentes que la empresa posea acerca de su persona mediante correo electr\u00f3nico facilitando su DNI o bien por correo postal a PARAJE VIRGEN DE AFRICA, S\/N, 04716, EJIDO, EL ( ALMER\u00cdA).<\/li>\n<li><b>Derecho a retirar el Consentimiento prestado<\/b><br \/>El interesado podr\u00e1 retirar los datos que la empresa posee acerca de su persona mediante correo electr\u00f3nico facilitando su DNI o bien por correo postal a PARAJE VIRGEN DE AFRICA, S\/N, 04716, EJIDO, EL ( ALMER\u00cdA).<\/li>\n<li><b>Derecho a reclamar ante la Autoridad de Control<\/b><br \/>El interesado podr\u00e1 reclamar ante la Agencia Espa\u00f1ola de Protecci\u00f3n de Datos acerca de toda incidencia que pueda surgirle.<\/li>\n<\/ol>\n<p><b>6. PROCEDENCIA<\/b><\/p>\n<ol type=\"A\">\n<li><b>Informaci\u00f3n detallada del origen de los datos<\/b><br \/>Facilitados por el propio interesado<\/li>\n<\/ol>\n<p><b>Categor\u00edas de datos que se tratan<\/b><br \/>Nombre y Apellidos<br \/>Tel\u00e9fono y direcci\u00f3n<br \/>Email fecha de nacimiento<\/p>\n<p>&nbsp;<\/p>\n<p>&nbsp;<\/p>\n<p>[\/et_pb_text][\/et_pb_column][\/et_pb_row][\/et_pb_section]<\/p>\n","protected":false},"excerpt":{"rendered":"<p>1. RESPONSABLE Datos de contacto del ResponsableEl responsable de los datos recabados mediante esta web es ENVASES VICENTE PEREZ, S.L. con direcci\u00f3n PARAJE VIRGEN DE AFRICA, S\/N, 04716, EJIDO, EL (ALMER\u00cdA) Y CIF B04176160. Usted podr\u00e1 contactar con el responsable mediante el siguiente Email calidad@envasesvicente.com o en el tel\u00e9fono 950587479 Identidad y datos de contacto [&hellip;]<\/p>\n","protected":false},"author":1,"featured_media":0,"parent":0,"menu_order":0,"comment_status":"closed","ping_status":"closed","template":"","meta":{"_et_pb_use_builder":"on","_et_pb_old_content":"<!-- wp:divi\/placeholder \/-->","_et_gb_content_width":"","footnotes":""},"class_list":["post-168","page","type-page","status-publish","hentry"],"_links":{"self":[{"href":"https:\/\/www.envasesvicente.com\/index.php\/wp-json\/wp\/v2\/pages\/168","targetHints":{"allow":["GET"]}}],"collection":[{"href":"https:\/\/www.envasesvicente.com\/index.php\/wp-json\/wp\/v2\/pages"}],"about":[{"href":"https:\/\/www.envasesvicente.com\/index.php\/wp-json\/wp\/v2\/types\/page"}],"author":[{"embeddable":true,"href":"https:\/\/www.envasesvicente.com\/index.php\/wp-json\/wp\/v2\/users\/1"}],"replies":[{"embeddable":true,"href":"https:\/\/www.envasesvicente.com\/index.php\/wp-json\/wp\/v2\/comments?post=168"}],"version-history":[{"count":5,"href":"https:\/\/www.envasesvicente.com\/index.php\/wp-json\/wp\/v2\/pages\/168\/revisions"}],"predecessor-version":[{"id":629,"href":"https:\/\/www.envasesvicente.com\/index.php\/wp-json\/wp\/v2\/pages\/168\/revisions\/629"}],"wp:attachment":[{"href":"https:\/\/www.envasesvicente.com\/index.php\/wp-json\/wp\/v2\/media?parent=168"}],"curies":[{"name":"wp","href":"https:\/\/api.w.org\/{rel}","templated":true}]}}