{"id":172,"date":"2024-06-11T07:22:47","date_gmt":"2024-06-11T07:22:47","guid":{"rendered":"https:\/\/envasesvicente.com\/NUEVAWEB\/?page_id=172"},"modified":"2024-06-11T09:25:44","modified_gmt":"2024-06-11T09:25:44","slug":"politica-de-calidad","status":"publish","type":"page","link":"https:\/\/www.envasesvicente.com\/index.php\/politica-de-calidad\/","title":{"rendered":"Pol\u00edtica de calidad"},"content":{"rendered":"<p>[et_pb_section fb_built=\u00bb1&#8243; _builder_version=\u00bb4.25.1&#8243; _module_preset=\u00bbdefault\u00bb background_color=\u00bb#003766&#8243; custom_padding=\u00bb20px||3px|||\u00bb global_colors_info=\u00bb{}\u00bb theme_builder_area=\u00bbpost_content\u00bb][et_pb_row _builder_version=\u00bb4.25.1&#8243; _module_preset=\u00bbdefault\u00bb custom_margin=\u00bb|auto|12px|auto||\u00bb hover_enabled=\u00bb0&#8243; global_colors_info=\u00bb{}\u00bb theme_builder_area=\u00bbpost_content\u00bb sticky_enabled=\u00bb0&#8243;][et_pb_column type=\u00bb4_4&#8243; _builder_version=\u00bb4.25.1&#8243; _module_preset=\u00bbdefault\u00bb global_colors_info=\u00bb{}\u00bb theme_builder_area=\u00bbpost_content\u00bb][et_pb_heading title=\u00bbPol\u00edtica de Calidad\u00bb _builder_version=\u00bb4.25.1&#8243; _module_preset=\u00bbdefault\u00bb title_text_align=\u00bbcenter\u00bb title_text_color=\u00bb#FFFFFF\u00bb title_font_size=\u00bb46px\u00bb hover_enabled=\u00bb0&#8243; global_colors_info=\u00bb{}\u00bb theme_builder_area=\u00bbpost_content\u00bb sticky_enabled=\u00bb0&#8243;][\/et_pb_heading][\/et_pb_column][\/et_pb_row][\/et_pb_section][et_pb_section fb_built=\u00bb1&#8243; _builder_version=\u00bb4.25.1&#8243; _module_preset=\u00bbdefault\u00bb global_colors_info=\u00bb{}\u00bb theme_builder_area=\u00bbpost_content\u00bb][et_pb_row _builder_version=\u00bb4.25.1&#8243; _module_preset=\u00bbdefault\u00bb global_colors_info=\u00bb{}\u00bb theme_builder_area=\u00bbpost_content\u00bb][et_pb_column type=\u00bb4_4&#8243; _builder_version=\u00bb4.25.1&#8243; _module_preset=\u00bbdefault\u00bb global_colors_info=\u00bb{}\u00bb theme_builder_area=\u00bbpost_content\u00bb][et_pb_text _builder_version=\u00bb4.25.1&#8243; _module_preset=\u00bbdefault\u00bb hover_enabled=\u00bb0&#8243; global_colors_info=\u00bb{}\u00bb theme_builder_area=\u00bbpost_content\u00bb sticky_enabled=\u00bb0&#8243;]<\/p>\n<p>ENVASES VICENTE P\u00c9REZ ha establecido la siguiente Pol\u00edtica de Calidad:<\/p>\n<p>ENVASES VICENTE P\u00c9REZ, S.L. es una empresa cuya actividad se centra en la fabricaci\u00f3n y distribuci\u00f3n de envases de madera y palets y montaje y distribuci\u00f3n de envases de cart\u00f3n.<\/p>\n<p>El motivo de implantar un sistema de calidad es el de ofrecer una mejora permanente a todos los clientes de nuestras instalaciones y servicios, y a los que formamos la empresa la satisfacci\u00f3n por el trabajo bien hecho y el deber cumplido.<\/p>\n<p>En este sentido y para entender la CALIDAD en ENVASES VICENTE P\u00c9REZ somos conscientes de la importancia del servicio ofertado a nuestros clientes, y es por tanto que nos comprometemos a:<\/p>\n<p><b>\u2022<\/b><span>\u00a0<\/span>Establecer una mejora continua, como principio fundamental de actuaci\u00f3n, en todos los procesos internos, organizativos, de gesti\u00f3n y de calidad. Para ello, optimizamos los recursos tanto humanos como materiales, encaminados a una mejora permanente en la eficacia y eficiencia de todos nuestros procesos.<\/p>\n<p><b>\u2022<\/b><span>\u00a0<\/span>Proporcionar el marco adecuado para establecer y revisar los objetivos de calidad.<\/p>\n<p><b>\u2022<\/b><span>\u00a0<\/span>Cumplir con la legislaci\u00f3n vigente y todos los requisitos legales y reglamentario en materia de calidad, seguridad y en todo lo referente a nuestra actividad, as\u00ed como otros requisitos que ENVASES VICENTE P\u00c9REZ, S.L. suscriba.<\/p>\n<p><b>\u2022<\/b><span>\u00a0<\/span>Como empresa de servicios, satisfacer adecuadamente las necesidades de nuestros clientes y asumir los compromisos con los mismos.<\/p>\n<p><b>\u2022<\/b><span>\u00a0<\/span>Disponer de los medios adecuados para corregir y prevenir las reclamaciones comerciales de nuestros clientes, as\u00ed como cualquier no conformidad del sistema.<\/p>\n<p><b>\u2022<\/b><span>\u00a0<\/span>Estimular la iniciativa de todo el personal y el trabajo en equipo.<\/p>\n<p><b>\u2022<\/b><span>\u00a0<\/span>Mejorar de forma continua la formaci\u00f3n de los trabajadores en las diferentes \u00e1reas de la empresa.<\/p>\n<p><b>\u2022<\/b><span>\u00a0<\/span>Cuantificar, planificar y comprobar todas nuestras actividades profesionales.<\/p>\n<p><b>\u2022<\/b><span>\u00a0<\/span>Transparencia e informaci\u00f3n a los agricultores y clientes.<\/p>\n<p><b>\u2022<\/b><span>\u00a0<\/span>Capacidad de comunicaci\u00f3n, tanto externa como interna.<\/p>\n<p>El Gerente de ENVASES VICENTE P\u00c9REZ, S.L. y el Responsable de Calidad, ser\u00e1n los encargados de la aplicaci\u00f3n y el desarrollo de la pol\u00edtica de calidad, sus metas y la correspondiente organizaci\u00f3n para conseguirla, aportando los medios necesarios para su puesta en marcha.<\/p>\n<p>Estamos plenamente convencidos de que su \u00e9xito se basa en la colaboraci\u00f3n de todos, y les invitamos a un esfuerzo adicional de creatividad e imaginaci\u00f3n para que adem\u00e1s de ser competitivos podamos aumentar la productividad, haci\u00e9ndonos presentes en m\u00e1s \u00e1mbitos de nuestra sociedad.<\/p>\n<p>Ultima actualizaci\u00f3n: 10\/10\/2022<\/p>\n<p>[\/et_pb_text][\/et_pb_column][\/et_pb_row][\/et_pb_section]<\/p>\n","protected":false},"excerpt":{"rendered":"<p>ENVASES VICENTE P\u00c9REZ ha establecido la siguiente Pol\u00edtica de Calidad: ENVASES VICENTE P\u00c9REZ, S.L. es una empresa cuya actividad se centra en la fabricaci\u00f3n y distribuci\u00f3n de envases de madera y palets y montaje y distribuci\u00f3n de envases de cart\u00f3n. El motivo de implantar un sistema de calidad es el de ofrecer una mejora permanente [&hellip;]<\/p>\n","protected":false},"author":1,"featured_media":0,"parent":0,"menu_order":0,"comment_status":"closed","ping_status":"closed","template":"","meta":{"_et_pb_use_builder":"on","_et_pb_old_content":"<!-- wp:divi\/placeholder \/-->","_et_gb_content_width":"","footnotes":""},"class_list":["post-172","page","type-page","status-publish","hentry"],"_links":{"self":[{"href":"https:\/\/www.envasesvicente.com\/index.php\/wp-json\/wp\/v2\/pages\/172","targetHints":{"allow":["GET"]}}],"collection":[{"href":"https:\/\/www.envasesvicente.com\/index.php\/wp-json\/wp\/v2\/pages"}],"about":[{"href":"https:\/\/www.envasesvicente.com\/index.php\/wp-json\/wp\/v2\/types\/page"}],"author":[{"embeddable":true,"href":"https:\/\/www.envasesvicente.com\/index.php\/wp-json\/wp\/v2\/users\/1"}],"replies":[{"embeddable":true,"href":"https:\/\/www.envasesvicente.com\/index.php\/wp-json\/wp\/v2\/comments?post=172"}],"version-history":[{"count":3,"href":"https:\/\/www.envasesvicente.com\/index.php\/wp-json\/wp\/v2\/pages\/172\/revisions"}],"predecessor-version":[{"id":182,"href":"https:\/\/www.envasesvicente.com\/index.php\/wp-json\/wp\/v2\/pages\/172\/revisions\/182"}],"wp:attachment":[{"href":"https:\/\/www.envasesvicente.com\/index.php\/wp-json\/wp\/v2\/media?parent=172"}],"curies":[{"name":"wp","href":"https:\/\/api.w.org\/{rel}","templated":true}]}}