{"id":830,"date":"2024-10-01T10:41:21","date_gmt":"2024-10-01T10:41:21","guid":{"rendered":"https:\/\/envasesvicente.com\/NUEVAWEB\/index.php\/tienda\/"},"modified":"2024-10-10T21:36:11","modified_gmt":"2024-10-10T21:36:11","slug":"tienda","status":"publish","type":"page","link":"https:\/\/www.envasesvicente.com\/index.php\/tienda\/","title":{"rendered":"Productos"},"content":{"rendered":"<p>[et_pb_section fb_built=\u00bb1&#8243; _builder_version=\u00bb4.25.1&#8243; _module_preset=\u00bbdefault\u00bb custom_margin=\u00bb||20px|||\u00bb custom_padding=\u00bb5px||22px|||\u00bb global_colors_info=\u00bb{}\u00bb][et_pb_row use_custom_gutter=\u00bbon\u00bb _builder_version=\u00bb4.22.2&#8243; _module_preset=\u00bbdefault\u00bb positioning=\u00bbnone\u00bb width=\u00bb100%\u00bb module_alignment=\u00bbcenter\u00bb min_height=\u00bb96px\u00bb custom_margin=\u00bb|auto|-11px|auto||\u00bb custom_padding=\u00bb9px||9px||true|false\u00bb global_colors_info=\u00bb{}\u00bb][et_pb_column type=\u00bb4_4&#8243; _builder_version=\u00bb4.22.2&#8243; _module_preset=\u00bbdefault\u00bb global_colors_info=\u00bb{}\u00bb][et_pb_menu submenu_direction=\u00bbdownwards\u00bb active_link_color=\u00bb#003764&#8243; dropdown_menu_line_color=\u00bb#97C21A\u00bb dropdown_menu_active_link_color=\u00bb#97C21A\u00bb logo=\u00bbhttps:\/\/www.envasesvicente.com\/NUEVAWEB\/wp-content\/uploads\/2024\/06\/logo.jpg\u00bb logo_height=\u00bb60px\u00bb menu_icon_color=\u00bb#97C21A\u00bb menu_icon_color_tablet=\u00bb#97C21A\u00bb menu_icon_color_phone=\u00bb#97C21A\u00bb menu_icon_color_last_edited=\u00bbon|desktop\u00bb _builder_version=\u00bb4.25.1&#8243; _module_preset=\u00bbdefault\u00bb menu_font=\u00bbTitillium Web|200|||||||\u00bb menu_text_color=\u00bb#003764&#8243; menu_font_size=\u00bb16px\u00bb menu_letter_spacing=\u00bb1px\u00bb text_orientation=\u00bbright\u00bb module_alignment=\u00bbcenter\u00bb custom_margin=\u00bb||||true|false\u00bb custom_padding=\u00bb0px||0px||true|false\u00bb custom_css_free_form=\u00bb.palabra a {||position:relative;||color: black;||font-size: 19px;||font-family: \u2018Nunito Sans\u2019, sans-serif;||margin: 0 10px;||text-decoration: none;|| ||}|| ||.palabra a:hover {||color:red||}|| ||.palabra a::before {||content:\u201d\u201d;||display:block;||position:absolute;||bottom:-7px;||left:0;||width:100%;||height:2px;||transform: scaleX(0);||transition: transform 0.3s ease;||background-color: blue;||    transform-origin: 50% 0%;|| ||}|| ||.palabra a:hover::before {||transform: scaleX(1);||}\u00bb custom_css_active_menu_link=\u00bbcolor: rgba(0, 55, 100, 1);||font-weight: bold;||font-size: 16px;||line-height: 1.5;\u00bb border_width_bottom=\u00bb1px\u00bb border_color_bottom=\u00bbrgba(0,0,0,0.12)\u00bb global_colors_info=\u00bb{}\u00bb menu_text_color__hover_enabled=\u00bbon|desktop\u00bb menu_text_color__hover=\u00bb#000000&#8243; background__hover_enabled=\u00bbon|hover\u00bb background_color__hover=\u00bbrgba(255,255,255,0.72)\u00bb background_enable_color__hover=\u00bbon\u00bb active_link_color__hover_enabled=\u00bbon|hover\u00bb active_link_color__hover=\u00bb#000000&#8243; dropdown_menu_line_color__hover_enabled=\u00bbon|hover\u00bb dropdown_menu_line_color__hover=\u00bb#97C21A\u00bb menu_font_size__hover_enabled=\u00bbon|desktop\u00bb menu_font_size__hover=\u00bb16px\u00bb][\/et_pb_menu][\/et_pb_column][\/et_pb_row][\/et_pb_section][et_pb_section fb_built=\u00bb1&#8243; _builder_version=\u00bb4.25.1&#8243; _module_preset=\u00bbdefault\u00bb custom_padding=\u00bb||||false|false\u00bb global_colors_info=\u00bb{}\u00bb][et_pb_row _builder_version=\u00bb4.25.1&#8243; _module_preset=\u00bbdefault\u00bb global_colors_info=\u00bb{}\u00bb][et_pb_column type=\u00bb4_4&#8243; _builder_version=\u00bb4.25.1&#8243; _module_preset=\u00bbdefault\u00bb global_colors_info=\u00bb{}\u00bb][et_pb_heading title=\u00bbCategor\u00edas\u00bb _builder_version=\u00bb4.25.1&#8243; _module_preset=\u00bbdefault\u00bb title_font=\u00bb&#8211;et_global_heading_font||||||||\u00bb title_text_align=\u00bbcenter\u00bb title_font_size=\u00bb40px\u00bb global_colors_info=\u00bb{}\u00bb][\/et_pb_heading][\/et_pb_column][\/et_pb_row][\/et_pb_section][et_pb_section fb_built=\u00bb1&#8243; _builder_version=\u00bb4.25.1&#8243; _module_preset=\u00bbdefault\u00bb global_colors_info=\u00bb{}\u00bb][et_pb_row column_structure=\u00bb1_4,1_4,1_4,1_4&#8243; _builder_version=\u00bb4.25.1&#8243; _module_preset=\u00bbdefault\u00bb hover_enabled=\u00bb0&#8243; global_colors_info=\u00bb{}\u00bb sticky_enabled=\u00bb0&#8243;][et_pb_column type=\u00bb1_4&#8243; _builder_version=\u00bb4.25.1&#8243; _module_preset=\u00bbdefault\u00bb global_colors_info=\u00bb{}\u00bb][et_pb_image src=\u00bbhttps:\/\/www.envasesvicente.com\/NUEVAWEB\/wp-content\/uploads\/2024\/10\/mini_CARTON.png\u00bb title_text=\u00bbmini_CART\u00d3N\u00bb url=\u00bb@ET-DC@eyJkeW5hbWljIjp0cnVlLCJjb250ZW50IjoicG9zdF9saW5rX3VybF9wYWdlIiwic2V0dGluZ3MiOnsicG9zdF9pZCI6IjQxMyJ9fQ==@\u00bb _builder_version=\u00bb4.25.1&#8243; _dynamic_attributes=\u00bburl\u00bb _module_preset=\u00bbdefault\u00bb hover_enabled=\u00bb0&#8243; custom_css_free_form=\u00bbprueba5:before {|| left: 20;|| margin-left: 0;||content: &#8216;CAJAS DE CART\u00d3N&#8217;;|| \/*** YOUR TEXT ***\/|| font-family: &#8216;Source Sans Pro&#8217;, Titillium web !important;|| \/*** YOUR CHOSEN FONT FAMILY ***\/|| text-transform: ;|| font-size: 12px;|| color: #0006;|| \/*** COLOR OF YOUR TEXT ***\/|| font-weight: bold;|| text-align: center;|| width: 100%;|| padding: 5px 0;||}||\u00bb global_colors_info=\u00bb{}\u00bb sticky_enabled=\u00bb0&#8243; use_overlay=\u00bbon\u00bb module_id=\u00bbprueba5&#8243;][\/et_pb_image][\/et_pb_column][et_pb_column type=\u00bb1_4&#8243; _builder_version=\u00bb4.25.1&#8243; _module_preset=\u00bbdefault\u00bb global_colors_info=\u00bb{}\u00bb][et_pb_image src=\u00bbhttps:\/\/www.envasesvicente.com\/NUEVAWEB\/wp-content\/uploads\/2024\/10\/mini_MADERA.png\u00bb title_text=\u00bbmini_MADERA\u00bb _builder_version=\u00bb4.25.1&#8243; _module_preset=\u00bbdefault\u00bb global_colors_info=\u00bb{}\u00bb][\/et_pb_image][\/et_pb_column][et_pb_column type=\u00bb1_4&#8243; _builder_version=\u00bb4.25.1&#8243; _module_preset=\u00bbdefault\u00bb global_colors_info=\u00bb{}\u00bb][et_pb_image src=\u00bbhttps:\/\/www.envasesvicente.com\/NUEVAWEB\/wp-content\/uploads\/2024\/10\/PALETS.png\u00bb title_text=\u00bbPALETS\u00bb _builder_version=\u00bb4.25.1&#8243; _module_preset=\u00bbdefault\u00bb width=\u00bb100%\u00bb height=\u00bb131px\u00bb max_height=\u00bb1000px\u00bb global_colors_info=\u00bb{}\u00bb][\/et_pb_image][\/et_pb_column][et_pb_column type=\u00bb1_4&#8243; _builder_version=\u00bb4.25.1&#8243; _module_preset=\u00bbdefault\u00bb global_colors_info=\u00bb{}\u00bb][\/et_pb_column][\/et_pb_row][\/et_pb_section][et_pb_section fb_built=\u00bb1&#8243; _builder_version=\u00bb4.25.1&#8243; _module_preset=\u00bbdefault\u00bb global_colors_info=\u00bb{}\u00bb][et_pb_row _builder_version=\u00bb4.25.1&#8243; _module_preset=\u00bbdefault\u00bb global_colors_info=\u00bb{}\u00bb][et_pb_column type=\u00bb4_4&#8243; _builder_version=\u00bb4.25.1&#8243; _module_preset=\u00bbdefault\u00bb global_colors_info=\u00bb{}\u00bb][et_pb_heading title=\u00bbNuestros Productos\u00bb _builder_version=\u00bb4.25.1&#8243; _module_preset=\u00bbdefault\u00bb title_font=\u00bb&#8211;et_global_heading_font||||||||\u00bb title_text_align=\u00bbcenter\u00bb title_font_size=\u00bb40px\u00bb global_colors_info=\u00bb{}\u00bb][\/et_pb_heading][et_pb_shop columns_number=\u00bb4&#8243; hover_overlay_color=\u00bbrgba(255,255,255,0.62)\u00bb show_price=\u00bboff\u00bb show_rating=\u00bboff\u00bb show_sale_badge=\u00bboff\u00bb _builder_version=\u00bb4.25.1&#8243; _module_preset=\u00bbdefault\u00bb title_font=\u00bb&#8211;et_global_body_font|600|||on||||\u00bb title_text_align=\u00bbcenter\u00bb title_text_color=\u00bb#000000&#8243; width=\u00bb100%\u00bb filter_brightness=\u00bb130%\u00bb custom_css_before=\u00bb||\u00bb custom_css_main_element=\u00bb||\u00bb custom_css_after=\u00bb    ||\u00bb custom_css_free_form=\u00bb.woocommerce .et_overlay:before {|| left: 20;|| margin-left: 0;|| content: &#8216;Envase de cart\u00f3n de m\u00faltiples modelos y medidas, resistente y duradero. Garant\u00eda de calidad ISO&#8217;;|| \/*** YOUR TEXT ***\/|| font-family: &#8216;Source Sans Pro&#8217;, Titillium web !important;|| \/*** YOUR CHOSEN FONT FAMILY ***\/|| text-transform: ;|| font-size: 12px;|| color: #0006;|| \/*** COLOR OF YOUR TEXT ***\/|| font-weight: bold;|| text-align: center;|| width: 100%;|| padding: 5px 0;||}||   ||\u00bb custom_css_product=\u00bb||||\u00bb custom_css_image=\u00bb ||\u00bb custom_css_title=\u00bb   ||||\u00bb title_text_shadow_style=\u00bbpreset5&#8243; title_text_shadow_color=\u00bbRGBA(255,255,255,0)\u00bb border_width_all=\u00bb0px\u00bb global_colors_info=\u00bb{}\u00bb title_text_color__hover_enabled=\u00bbon|hover\u00bb title_text_color__hover=\u00bb#7CDA24&#8243;][\/et_pb_shop][\/et_pb_column][\/et_pb_row][\/et_pb_section][et_pb_section fb_built=\u00bb1&#8243; _builder_version=\u00bb4.25.1&#8243; _module_preset=\u00bbdefault\u00bb background_color=\u00bb#003766&#8243; custom_padding=\u00bb21px||8px|||\u00bb global_colors_info=\u00bb{}\u00bb][et_pb_row column_structure=\u00bb1_4,1_2,1_4&#8243; make_equal=\u00bbon\u00bb _builder_version=\u00bb4.22.2&#8243; _module_preset=\u00bbdefault\u00bb global_colors_info=\u00bb{}\u00bb][et_pb_column type=\u00bb1_4&#8243; _builder_version=\u00bb4.22.2&#8243; _module_preset=\u00bbdefault\u00bb global_colors_info=\u00bb{}\u00bb][et_pb_image src=\u00bbhttps:\/\/www.envasesvicente.com\/NUEVAWEB\/wp-content\/uploads\/2024\/06\/logo.jpg\u00bb title_text=\u00bblogo\u00bb _builder_version=\u00bb4.25.1&#8243; _module_preset=\u00bbdefault\u00bb width=\u00bb100%\u00bb module_alignment=\u00bbleft\u00bb custom_margin=\u00bb-9px||||false|false\u00bb custom_padding=\u00bb0px||||false|false\u00bb filter_saturate=\u00bb101%\u00bb border_color_all=\u00bb#97C21A\u00bb border_style_all=\u00bbridge\u00bb box_shadow_style=\u00bbpreset4&#8243; global_colors_info=\u00bb{}\u00bb][\/et_pb_image][\/et_pb_column][et_pb_column type=\u00bb1_2&#8243; _builder_version=\u00bb4.22.2&#8243; _module_preset=\u00bbdefault\u00bb global_colors_info=\u00bb{}\u00bb][et_pb_menu menu_id=\u00bb5&#8243; menu_style=\u00bbcentered\u00bb active_link_color=\u00bb#97C21A\u00bb _builder_version=\u00bb4.25.1&#8243; _module_preset=\u00bbdefault\u00bb menu_font=\u00bbTeko|600|||||||\u00bb menu_text_color=\u00bb#FFFFFF\u00bb menu_font_size=\u00bb18px\u00bb background_enable_color=\u00bboff\u00bb custom_padding=\u00bb|||0px||\u00bb global_colors_info=\u00bb{}\u00bb menu_text_color__hover_enabled=\u00bbon|hover\u00bb menu_text_color__hover=\u00bb#97C21A\u00bb][\/et_pb_menu][\/et_pb_column][et_pb_column type=\u00bb1_4&#8243; _builder_version=\u00bb4.22.2&#8243; _module_preset=\u00bbdefault\u00bb global_colors_info=\u00bb{}\u00bb][et_pb_text _builder_version=\u00bb4.25.1&#8243; _module_preset=\u00bbdefault\u00bb text_font=\u00bb|600|||||||\u00bb text_text_color=\u00bb#FFFFFF\u00bb text_orientation=\u00bbright\u00bb global_colors_info=\u00bb{}\u00bb]<\/p>\n<p><span>\u00a9 2023 Idiria SLU<\/span><\/p>\n<p>[\/et_pb_text][\/et_pb_column][\/et_pb_row][\/et_pb_section]<\/p>\n","protected":false},"excerpt":{"rendered":"<p>\u00a9 2023 Idiria SLU<\/p>\n","protected":false},"author":1,"featured_media":0,"parent":0,"menu_order":0,"comment_status":"closed","ping_status":"closed","template":"","meta":{"_et_pb_use_builder":"on","_et_pb_old_content":"","_et_gb_content_width":"","footnotes":""},"class_list":["post-830","page","type-page","status-publish","hentry"],"_links":{"self":[{"href":"https:\/\/www.envasesvicente.com\/index.php\/wp-json\/wp\/v2\/pages\/830","targetHints":{"allow":["GET"]}}],"collection":[{"href":"https:\/\/www.envasesvicente.com\/index.php\/wp-json\/wp\/v2\/pages"}],"about":[{"href":"https:\/\/www.envasesvicente.com\/index.php\/wp-json\/wp\/v2\/types\/page"}],"author":[{"embeddable":true,"href":"https:\/\/www.envasesvicente.com\/index.php\/wp-json\/wp\/v2\/users\/1"}],"replies":[{"embeddable":true,"href":"https:\/\/www.envasesvicente.com\/index.php\/wp-json\/wp\/v2\/comments?post=830"}],"version-history":[{"count":3,"href":"https:\/\/www.envasesvicente.com\/index.php\/wp-json\/wp\/v2\/pages\/830\/revisions"}],"predecessor-version":[{"id":1164,"href":"https:\/\/www.envasesvicente.com\/index.php\/wp-json\/wp\/v2\/pages\/830\/revisions\/1164"}],"wp:attachment":[{"href":"https:\/\/www.envasesvicente.com\/index.php\/wp-json\/wp\/v2\/media?parent=830"}],"curies":[{"name":"wp","href":"https:\/\/api.w.org\/{rel}","templated":true}]}}