{"id":836,"date":"2024-10-01T11:21:38","date_gmt":"2024-10-01T11:21:38","guid":{"rendered":"https:\/\/envasesvicente.com\/NUEVAWEB\/?post_type=product&#038;p=836"},"modified":"2025-01-03T10:30:04","modified_gmt":"2025-01-03T10:30:04","slug":"agrupalmeria-roja","status":"publish","type":"product","link":"https:\/\/www.envasesvicente.com\/index.php\/producto\/agrupalmeria-roja\/","title":{"rendered":"AGRUPALMER\u00cdA ROJA"},"content":{"rendered":"<p>Envase de cart\u00f3n en m\u00faltiples modelo y medidas, resistente y duradero. Garant\u00eda de calidad ISO<\/p>\n","protected":false},"excerpt":{"rendered":"<p>kfjdgirjbifdbnlkfdnblkfdnblkdnblkdnblkdbn<\/p>\n","protected":false},"featured_media":1313,"comment_status":"open","ping_status":"closed","template":"","meta":{"_et_pb_use_builder":"off","_et_pb_old_content":"Envase de cart\u00f3n en m\u00faltiples modelo y medidas, resistente y duradero. Garant\u00eda de calidad ISO","_et_gb_content_width":""},"product_brand":[],"product_cat":[30],"product_tag":[],"class_list":{"0":"post-836","1":"product","2":"type-product","3":"status-publish","4":"has-post-thumbnail","6":"product_cat-carton","8":"first","9":"instock","10":"shipping-taxable","11":"product-type-simple"},"_links":{"self":[{"href":"https:\/\/www.envasesvicente.com\/index.php\/wp-json\/wp\/v2\/product\/836","targetHints":{"allow":["GET"]}}],"collection":[{"href":"https:\/\/www.envasesvicente.com\/index.php\/wp-json\/wp\/v2\/product"}],"about":[{"href":"https:\/\/www.envasesvicente.com\/index.php\/wp-json\/wp\/v2\/types\/product"}],"replies":[{"embeddable":true,"href":"https:\/\/www.envasesvicente.com\/index.php\/wp-json\/wp\/v2\/comments?post=836"}],"wp:featuredmedia":[{"embeddable":true,"href":"https:\/\/www.envasesvicente.com\/index.php\/wp-json\/wp\/v2\/media\/1313"}],"wp:attachment":[{"href":"https:\/\/www.envasesvicente.com\/index.php\/wp-json\/wp\/v2\/media?parent=836"}],"wp:term":[{"taxonomy":"product_brand","embeddable":true,"href":"https:\/\/www.envasesvicente.com\/index.php\/wp-json\/wp\/v2\/product_brand?post=836"},{"taxonomy":"product_cat","embeddable":true,"href":"https:\/\/www.envasesvicente.com\/index.php\/wp-json\/wp\/v2\/product_cat?post=836"},{"taxonomy":"product_tag","embeddable":true,"href":"https:\/\/www.envasesvicente.com\/index.php\/wp-json\/wp\/v2\/product_tag?post=836"}],"curies":[{"name":"wp","href":"https:\/\/api.w.org\/{rel}","templated":true}]}}