{"id":927,"date":"2024-10-03T11:02:39","date_gmt":"2024-10-03T11:02:39","guid":{"rendered":"https:\/\/envasesvicente.com\/NUEVAWEB\/?post_type=product&#038;p=927"},"modified":"2025-01-03T10:33:21","modified_gmt":"2025-01-03T10:33:21","slug":"caja-carton-bombonitos","status":"publish","type":"product","link":"https:\/\/www.envasesvicente.com\/index.php\/producto\/caja-carton-bombonitos\/","title":{"rendered":"BOMBONITOS"},"content":{"rendered":"<p>[et_pb_section fb_built=\u00bb1&#8243; _builder_version=\u00bb4.16&#8243; custom_padding=\u00bb0px||||false|false\u00bb global_colors_info=\u00bb{}\u00bb][et_pb_row _builder_version=\u00bb4.16&#8243; background_size=\u00bbinitial\u00bb background_position=\u00bbtop_left\u00bb background_repeat=\u00bbrepeat\u00bb width=\u00bb100%\u00bb custom_padding=\u00bb0px||0px||false|false\u00bb global_colors_info=\u00bb{}\u00bb][et_pb_column type=\u00bb4_4&#8243; _builder_version=\u00bb4.16&#8243; custom_padding=\u00bb|||\u00bb global_colors_info=\u00bb{}\u00bb custom_padding__hover=\u00bb|||\u00bb][\/et_pb_column][\/et_pb_row][et_pb_row column_structure=\u00bb1_2,1_2&#8243; _builder_version=\u00bb4.16&#8243; background_size=\u00bbinitial\u00bb background_position=\u00bbtop_left\u00bb background_repeat=\u00bbrepeat\u00bb width=\u00bb100%\u00bb custom_padding=\u00bb0px||0px||false|false\u00bb global_colors_info=\u00bb{}\u00bb][et_pb_column type=\u00bb1_2&#8243; _builder_version=\u00bb4.16&#8243; custom_padding=\u00bb|||\u00bb global_colors_info=\u00bb{}\u00bb custom_padding__hover=\u00bb|||\u00bb][et_pb_wc_images _builder_version=\u00bb4.25.1&#8243; min_height=\u00bb1000px\u00bb height=\u00bb1000px\u00bb max_height=\u00bb1000px\u00bb filter_brightness=\u00bb132%\u00bb global_colors_info=\u00bb{}\u00bb][\/et_pb_wc_images][\/et_pb_column][et_pb_column type=\u00bb1_2&#8243; _builder_version=\u00bb4.16&#8243; custom_padding=\u00bb|||\u00bb global_colors_info=\u00bb{}\u00bb custom_padding__hover=\u00bb|||\u00bb][et_pb_wc_title _builder_version=\u00bb4.16&#8243; global_colors_info=\u00bb{}\u00bb][\/et_pb_wc_title][et_pb_wc_description _builder_version=\u00bb4.16&#8243; global_colors_info=\u00bb{}\u00bb][\/et_pb_wc_description][\/et_pb_column][\/et_pb_row][\/et_pb_section]<\/p>\n","protected":false},"excerpt":{"rendered":"<p>Envase de cart\u00f3n de m\u00faltiples modelos y medidas, resistente y duradero. Garant\u00eda de calidad ISO<\/p>\n","protected":false},"featured_media":1330,"comment_status":"open","ping_status":"closed","template":"","meta":{"_et_pb_use_builder":"on","_et_pb_old_content":"Envase de cart\u00f3n de m\u00faltiples modelos y medidas, resistente y duradero. Garant\u00eda de calidad ISO","_et_gb_content_width":""},"product_brand":[],"product_cat":[30],"product_tag":[],"class_list":{"0":"post-927","1":"product","2":"type-product","3":"status-publish","4":"has-post-thumbnail","6":"product_cat-carton","8":"first","9":"instock","10":"shipping-taxable","11":"product-type-simple"},"_links":{"self":[{"href":"https:\/\/www.envasesvicente.com\/index.php\/wp-json\/wp\/v2\/product\/927","targetHints":{"allow":["GET"]}}],"collection":[{"href":"https:\/\/www.envasesvicente.com\/index.php\/wp-json\/wp\/v2\/product"}],"about":[{"href":"https:\/\/www.envasesvicente.com\/index.php\/wp-json\/wp\/v2\/types\/product"}],"replies":[{"embeddable":true,"href":"https:\/\/www.envasesvicente.com\/index.php\/wp-json\/wp\/v2\/comments?post=927"}],"wp:featuredmedia":[{"embeddable":true,"href":"https:\/\/www.envasesvicente.com\/index.php\/wp-json\/wp\/v2\/media\/1330"}],"wp:attachment":[{"href":"https:\/\/www.envasesvicente.com\/index.php\/wp-json\/wp\/v2\/media?parent=927"}],"wp:term":[{"taxonomy":"product_brand","embeddable":true,"href":"https:\/\/www.envasesvicente.com\/index.php\/wp-json\/wp\/v2\/product_brand?post=927"},{"taxonomy":"product_cat","embeddable":true,"href":"https:\/\/www.envasesvicente.com\/index.php\/wp-json\/wp\/v2\/product_cat?post=927"},{"taxonomy":"product_tag","embeddable":true,"href":"https:\/\/www.envasesvicente.com\/index.php\/wp-json\/wp\/v2\/product_tag?post=927"}],"curies":[{"name":"wp","href":"https:\/\/api.w.org\/{rel}","templated":true}]}}